{"id":12826,"date":"2024-10-20T21:27:25","date_gmt":"2024-10-20T19:27:25","guid":{"rendered":"https:\/\/en.rensnaturals.eu\/?post_type=product&#038;p=12826"},"modified":"2024-10-21T00:30:36","modified_gmt":"2024-10-20T22:30:36","slug":"rens-antihypertension-aht-a-for-adults","status":"publish","type":"product","link":"https:\/\/en.rensnaturals.eu\/hr\/products\/rens-antihypertension-aht-a-for-adults\/","title":{"rendered":"RENS AntiHiperTenzija, AHT A, za odrasle"},"content":{"rendered":"<p><span style=\"font-family: helvetica, arial, sans-serif; font-size: 12pt; color: #454242;\"  >* zaliha od 60 do 90 dana (10 ml)<\/span><\/p>\n<p>&nbsp;<\/p>\n<p style=\"text-align: justify;\"><strong><span style=\"font-family: helvetica, arial, sans-serif; font-size: 14pt;\"><span style=\"color: #ff9900;\">Koristi se za br\u017eu detoksikaciju i regeneraciju organizma nakon infekcije mRNA ili kao preventiva za dodatnu prirodnu za\u0161titu od virusa. Formula sadr\u017ei prirodne dodatke \u010de\u0161njaka i ginsenga, za koje je poznato da mogu otapati krvne ugru\u0161ke. <\/span><\/span><\/strong><\/p>\n<p style=\"text-align: justify;\"><em><span style=\"font-size: 14pt; font-family: helvetica, arial, sans-serif;\"  >Djeluje kao prirodni katalizator ili \u201c\u010dista\u010d toksina\u201d koji ve\u017ee ne\u010disto\u0107e iz tijela i uklanja ih iz tijela prirodnim putem kroz probavni sustav. Na taj na\u010din poma\u017ee tijelu da obnovi svoju primarnu funkciju detoksikacije i pobolj\u0161a otpornost.<\/span><\/em><\/p>\n<p style=\"text-align: justify;\"><span style=\"color: #4e4e4e;\"><span style=\"font-size: 18pt;\">\u2713 <strong><span style=\"font-size: 14pt; font-family: helvetica, arial, sans-serif;\"  >inovativna formula za prirodnu i brzu detoksikaciju i regeneraciju organizma<\/span><\/strong><\/span><\/span><\/p>\n<p style=\"text-align: justify;\"><span style=\"color: #4e4e4e;\"><span style=\"font-size: 18pt;\">\u2713<\/span><span style=\"font-size: 14pt; font-family: helvetica, arial, sans-serif;\"> prirodna za\u0161tita od virusa i mnogih drugih patogena<\/span><\/span><\/p>\n<p style=\"text-align: justify;\"><span style=\"font-family: helvetica, arial, sans-serif; color: #ff9900; font-size: 14pt;\"><strong><span style=\"font-size: 18pt;\">\u2713<\/span> podr\u017eava prirodne procese detoksikacije i regeneracije tijela<\/strong><\/span><\/p>\n<p style=\"text-align: justify;\"><span style=\"font-size: 14pt; color: #4e4e4e;\"><span style=\"font-family: helvetica, arial, sans-serif;\"><span style=\"font-size: 18pt;\">\u2713<\/span> <strong>samo prirodni aktivni sastojci<\/strong><\/span><\/span><\/p>\n<p style=\"text-align: justify;\"><span style=\"font-size: 14pt; color: #4e4e4e;\"><span style=\"font-family: helvetica, arial, sans-serif;\"><span style=\"font-size: 18pt;\">\u2713<\/span> za odrasle, preko 50 kg tjelesne te\u017eine<\/span><\/span><\/p>\n<p style=\"text-align: justify;\"><span style=\"color: #4e4e4e;\"><span style=\"font-size: 18pt;\">\u2713<\/span> <span style=\"font-size: 14pt; font-family: helvetica, arial, sans-serif;\">sadr\u017ei prirodne ekstrakte zelenih, plavih i crvenih algi te biljni klorofil, u mje\u0161avini prirodnih biljnih ulja i s dodatkom prirodnog organskog sumpora MSM, \u010de\u0161njaka i ginsenga<\/span><\/span><\/p>\n<p style=\"text-align: justify;\"><span style=\"font-family: helvetica, arial, sans-serif; font-size: 14pt; color: #4e4e4e;\"><span style=\"font-size: 18pt;\">\u2713<\/span> tako\u0111er pogodan za <strong>vegetarijance<\/strong> &amp; <strong>vegane<\/strong><\/span><\/p>\n<p style=\"text-align: justify;\"><span style=\"font-family: helvetica, arial, sans-serif; font-size: 14pt; color: #4e4e4e;\"><span style=\"font-size: 18pt;\">\u2713<\/span> proizvod ne sadr\u017ei GMO, gluten, kazein, soju<\/span><\/p>\n<p style=\"text-align: justify;\"><span style=\"font-family: helvetica, arial, sans-serif; font-size: 14pt; color: #4e4e4e;\"><span style=\"font-size: 18pt;\">\u2713<\/span> proizvedeno prema HACCP protokolu, u kontroliranom okru\u017eenju<\/span><\/p>\n<p style=\"text-align: justify;\"><span style=\"font-family: helvetica, arial, sans-serif; font-size: 14pt; color: #4e4e4e;\"><span style=\"font-size: 18pt;\">\u2713<\/span><strong> jamstvo prodaje od 30 dana na zadovoljstvo proizvodom <\/strong><\/span><\/p>\n<p style=\"text-align: justify;\"><span style=\"font-family: helvetica, arial, sans-serif; font-size: 14pt; color: #4e4e4e;\"><span style=\"font-size: 18pt;\">\u2713<\/span> Slovenski proizvod, proizveden u EU<\/span><\/p>\n<p style=\"text-align: justify;\"><em><span style=\"font-size: 14pt; font-family: helvetica, arial, sans-serif;\">RENS ima tisu\u0107e zadovoljnih korisnika diljem svijeta!<\/span><\/em><\/p>\n<p>&nbsp;<\/p>\n<p>&nbsp;<\/p>\n<p>&nbsp;<\/p>\n<p><span style=\"color: #008000; font-family: helvetica, arial, sans-serif;\"  ><strong><span style=\"font-size: 14pt;\">Preporu\u010dena upotreba<\/span><\/strong><\/span><\/p>\n<p style=\"text-align: justify;\"><span style=\"font-family: helvetica, arial, sans-serif; font-size: 12pt;\"><span style=\"color: #ff9900;\"><strong>Preporu\u010dena dnevna doza za <span data-preserver-spaces=\"true\">odrasle, preventivno kori\u0161tenje,<\/span> preko 50 kg tjelesne te\u017eine, iznosi 1 kap na svakih 28 kg tjelesne te\u017eine. <\/strong><span style=\"color: #333333;\">Dnevna doza se nanosi na desni ili pod jezik.<\/span><\/span><\/span><\/p>\n<p style=\"text-align: justify;\"><span style=\"font-family: helvetica, arial, sans-serif; font-size: 12pt;\">Prije svake upotrebe bo\u010dicu dobro protresite. Napravite kap na prst i utrljajte je u desni. Ako kapi nisu tamne, bo\u010dicu treba dodatno protresti da se sastojci dobro promije\u0161aju. Boca od 10 ml sadr\u017ei cca. 200 kapi za doziranje.<\/span><\/p>\n<h5 style=\"text-align: justify;\"><span style=\"color: #008000; font-family: helvetica, arial, sans-serif;\"><strong><span style=\"font-size: 14pt;\">Sastojci<\/span><\/strong><\/span><\/h5>\n<h6 style=\"text-align: justify;\"><span style=\"font-family: helvetica, arial, sans-serif; font-size: 12pt; color: #333333;\">Glavni sastojci<\/span><\/h6>\n<ul style=\"text-align: justify;\">\n<li><span style=\"font-family: helvetica, arial, sans-serif; font-size: 12pt;\">zelene alge i njihovi ekstrakti<\/span><\/li>\n<li><span style=\"font-family: helvetica, arial, sans-serif; font-size: 12pt;\" >plave alge i njihovi ekstrakti<\/span><\/li>\n<li><span style=\"font-family: helvetica, arial, sans-serif; font-size: 12pt;\">crvene alge i njihovi ekstrakti<\/span><\/li>\n<li><span style=\"font-family: helvetica, arial, sans-serif; font-size: 12pt;\" >prirodni biljni klorofil<\/span><\/li>\n<\/ul>\n<h6 style=\"text-align: justify;\"><span style=\"font-family: helvetica, arial, sans-serif; font-size: 12pt; color: #333333;\">Drugi sastojci<\/span><\/h6>\n<ul style=\"list-style-type: disc; text-align: justify;\">\n<li><span style=\"font-family: helvetica, arial, sans-serif; font-size: 12pt;\">mje\u0161avina prirodnih biljnih ulja<\/span><\/li>\n<li><span style=\"font-family: helvetica, arial, sans-serif; font-size: 12pt;\">prirodni organski sumpor MSM<\/span><\/li>\n<li><span style=\"font-family: helvetica, arial, sans-serif; font-size: 12pt;\">\u010de\u0161njak<\/span><\/li>\n<li><span style=\"font-family: helvetica, arial, sans-serif; font-size: 12pt;\">ginseng<\/span><\/li>\n<\/ul>\n<p>&nbsp;<\/p>\n<p style=\"text-align: justify;\"><span style=\"font-family: helvetica, arial, sans-serif; font-size: 12pt;\"><em>Sve RENS formule izra\u0111ene su od 100% prirodnih sastojaka biljnog podrijetla, prema HACCP protokolu, u kontroliranom okru\u017eenju.<\/em><\/span><\/p>\n<p>&nbsp;<\/p>\n<p style=\"text-align: justify;\"><span style=\"font-family: helvetica, arial, sans-serif; font-size: 12pt;\"><strong><span style=\"color: #008000;\">Prir<\/span><span style=\"color: #008000;\">odno uzgojene alge poznate su po svojim prirodnim u\u010dincima detoksikacije i dezinfekcije i koriste se stolje\u0107ima.<\/span><\/strong> Suvremena istra\u017eivanja pokazuju da alge tako\u0111er mogu u\u010dinkovito pomo\u0107i u prirodnim procesima uklanjanja nakupljenih toksina i otrovnih metala iz tijela. <em><strong>U obliku prirodnog dodatka prehrani djeluju kao prirodni katalizator koji poma\u017ee tijelu da uspostavi svoju primarnu funkciju detoksikacije.<\/strong><\/em> Djeluju kroz oksigenaciju, alkalizaciju i pro\u010di\u0161\u0107avanje tijela, \u0161to je op\u0107enito poznato kao \"detoksikacija tijela ili detox\".<\/span><\/p>\n<p style=\"text-align: justify;\"><span style=\"font-family: helvetica, arial, sans-serif; font-size: 12pt;\">Proizvod je rezultat istra\u017eivanja europskog istra\u017eiva\u010da i inovatora Zorana Dernov\u0161eka iz Slovenije. Generalni prodajni predstavnik: Rens Vit d.o.o., Slovenija. Proizvedeno u EU.<\/span><\/p>\n<h5 style=\"text-align: justify;\"><span style=\"color: #008000; font-family: helvetica, arial, sans-serif;\"><strong><span style=\"font-size: 14pt;\">Obavijest<\/span><\/strong><\/span><\/h5>\n<p style=\"text-align: justify;\"><span style=\"font-family: helvetica, arial, sans-serif; font-size: 12pt;\">Primjena RENS dodataka prehrani namijenjena je u preventivne svrhe. <span style=\"text-decoration: underline;\">Preporu\u010dene dnevne doze ne smiju se prekora\u010diti.<\/span> Dodatak prehrani nije zamjena za uravnote\u017eenu i raznoliku prehranu i zdrav na\u010din \u017eivota.<\/span><\/p>\n<p style=\"text-align: justify;\"><span style=\"font-family: helvetica, arial, sans-serif; font-size: 12pt;\">\u010cuvati na sobnoj temperaturi, izvan dohvata djece. Prije uporabe dodataka prehrani mo\u017eete se posavjetovati sa svojim lije\u010dnikom, ljekarnikom, naturopatom ili nekim drugim kvalificiranim zdravstvenim djelatnikom. Nepravilno skladi\u0161tenje, kao \u0161to je dugotrajno izlaganje izravnoj sun\u010devoj svjetlosti ili toplini, mo\u017ee uzrokovati da bazno ulje postane u\u017eeglo i time proizvod postane neupotrebljiv.<\/span><\/p>\n<p><span style=\"font-family: helvetica, arial, sans-serif; font-size: 12pt;\"  >The calculation of the duration of the supply is made for preventive use, with an average weight of a man of 90 kg and a woman of 50 kg.*<\/span><\/p>\n<p style=\"text-align: justify;\"><span style=\"font-family: helvetica, arial, sans-serif; font-size: 12pt;\"><em>Za vi\u0161e informacija o proizvodima i njihovoj upotrebi pi\u0161ite na <span style=\"color: #008000;\"><a style=\"color: #008000;\"   href=\"mailto: info@rensnaturals.eu\">info@rensnaturals.eu.<\/a><\/span><\/em><\/span><\/p>\n<h5 style=\"text-align: justify;\"><span style=\"color: #008000; font-family: helvetica, arial, sans-serif;\"><strong><span style=\"font-size: 14pt;\">Ograni\u010denje odgovornosti<\/span><\/strong><\/span><\/h5>\n<p style=\"text-align: justify;\"><span style=\"font-family: helvetica, arial, sans-serif; font-size: 12pt;\">Iako \u010dinimo sve napore kako bismo osigurali to\u010dnost slika i informacija o proizvodu na web stranici, s vremena na vrijeme mo\u017ee do\u0107i do nekih a\u017euriranja pakiranja, no informacije na web stranici jo\u0161 nisu a\u017eurirane. Iako se proizvodi povremeno \u0161alju u alternativnom pakiranju, zajam\u010deno je da \u0107e svje\u017eina, sastojci i cjelovitost proizvoda biti isti kao u primarnom pakiranju. Prije uporabe proizvoda svakako pro\u010ditajte upute i upozorenja proizvo\u0111a\u010da na pakiranju i nemojte se oslanjati samo na informacije na web stranici.<\/span><\/p>\n<p>&nbsp;<\/p>\n<p style=\"text-align: justify;\"><span style=\"font-family: helvetica, arial, sans-serif; font-size: 12pt;\"><em><strong>RENS dodaci prehrani nisu lijek. U slu\u010daju da odlu\u010dite koristiti suplemente kao podr\u0161ku protokolima biomedicinske detoksikacije, npr. kod autizma\u2026, prije uporabe proizvoda obavezno se konzultirati s kvalificiranim stru\u010dnjakom!<\/strong><\/em><\/span><\/p>","protected":false},"excerpt":{"rendered":"<p>* 60 to 90 day suply (10 ml) &nbsp; It is used for faster detoxification and regeneration of the body after an infection with mRNA or as a preventive use for additional natural protection against viruses. The formula contains the natural supplements of garlic and ginseng, which are known to be able to dissolve blood clots. It acts as a natural catalyst or a &#8220;toxin cleaner&#8221; that binds impurities from the body and removes them from the body naturally through the digestive system. In this way, it helps the body to restore its primary detoxification function and improve its resistance. \u2713 innovative formula for natural and fast detoxification and regeneration of the body \u2713 natural protection against viruses and many other pathogens \u2713 supports the body&#8217;s natural detoxification and regeneration [&hellip;]<\/p>","protected":false},"featured_media":12050,"comment_status":"open","ping_status":"closed","template":"","meta":{"spay_email":"","_expiration-date-status":"","_expiration-date":0,"_expiration-date-type":"","_expiration-date-categories":[],"_expiration-date-options":[]},"yoast_head":"<!-- This site is optimized with the Yoast SEO plugin v15.9 - https:\/\/yoast.com\/wordpress\/plugins\/seo\/ -->\n<title>RENS AntiHyperTension, AHT A, for adults - Rensnaturals<\/title>\n<meta name=\"robots\"  content=\"index, follow, max-snippet:-1, max-image-preview:large, max-video-preview:-1\" \/>\n<link rel=\"canonical\"  href=\"https:\/\/en.rensnaturals.eu\/hr\/products\/rens-antihypertension-aht-a-for-adults\/\" \/>\n<meta property=\"og:locale\"  content=\"hr_HR\" \/>\n<meta property=\"og:type\"  content=\"article\" \/>\n<meta property=\"og:title\"  content=\"RENS AntiHyperTension, AHT A, for adults - Rensnaturals\" \/>\n<meta property=\"og:description\"  content=\"* 60 to 90 day suply (10 ml) &nbsp; It is used for faster detoxification and regeneration of the body after an infection with mRNA or as a preventive use for additional natural protection against viruses. The formula contains the natural supplements of garlic and ginseng, which are known to be able to dissolve blood clots. It acts as a natural catalyst or a &#8220;toxin cleaner&#8221; that binds impurities from the body and removes them from the body naturally through the digestive system. In this way, it helps the body to restore its primary detoxification function and improve its resistance. \u2713 innovative formula for natural and fast detoxification and regeneration of the body \u2713 natural protection against viruses and many other pathogens \u2713 supports the body&#8217;s natural detoxification and regeneration [&hellip;]\" \/>\n<meta property=\"og:url\"  content=\"https:\/\/en.rensnaturals.eu\/hr\/products\/rens-antihypertension-aht-a-for-adults\/\" \/>\n<meta property=\"og:site_name\"  content=\"Rensnaturals\" \/>\n<meta property=\"article:modified_time\"  content=\"2024-10-20T22:30:36+00:00\" \/>\n<meta property=\"og:image\"  content=\"https:\/\/i2.wp.com\/en.rensnaturals.eu\/wp-content\/uploads\/2021\/01\/RENS-verzija-1-e1612387833989.png?fit=283%2C454&#038;ssl=1\" \/>\n\t<meta property=\"og:image:width\" content=\"283\" \/>\n\t<meta property=\"og:image:height\" content=\"454\" \/>\n<meta name=\"twitter:card\" content=\"summary_large_image\" \/>\n<meta name=\"twitter:label1\"  content=\"Procijenjeno vrijeme \u010ditanja\">\n\t<meta name=\"twitter:data1\" content=\"4 minute\">\n<script type=\"application\/ld+json\" class=\"yoast-schema-graph\">{\"@context\":\"https:\/\/schema.org\",\"@graph\":[{\"@type\":\"WebSite\",\"@id\":\"https:\/\/en.rensnaturals.eu\/#website\",\"url\":\"https:\/\/en.rensnaturals.eu\/\",\"name\":\"Rensnaturals\",\"description\":\"\",\"potentialAction\":[{\"@type\":\"SearchAction\",\"target\":\"https:\/\/en.rensnaturals.eu\/?s={search_term_string}\",\"query-input\":\"required name=search_term_string\"}],\"inLanguage\":\"hr\"},{\"@type\":\"ImageObject\",\"@id\":\"https:\/\/en.rensnaturals.eu\/products\/rens-antihypertension-aht-a-for-adults\/#primaryimage\",\"inLanguage\":\"hr\",\"url\":\"https:\/\/i2.wp.com\/en.rensnaturals.eu\/wp-content\/uploads\/2021\/01\/RENS-verzija-1-e1612387833989.png?fit=283%2C454&ssl=1\",\"width\":283,\"height\":454},{\"@type\":\"WebPage\",\"@id\":\"https:\/\/en.rensnaturals.eu\/products\/rens-antihypertension-aht-a-for-adults\/#webpage\",\"url\":\"https:\/\/en.rensnaturals.eu\/products\/rens-antihypertension-aht-a-for-adults\/\",\"name\":\"RENS AntiHyperTension, AHT A, for adults - Rensnaturals\",\"isPartOf\":{\"@id\":\"https:\/\/en.rensnaturals.eu\/#website\"},\"primaryImageOfPage\":{\"@id\":\"https:\/\/en.rensnaturals.eu\/products\/rens-antihypertension-aht-a-for-adults\/#primaryimage\"},\"datePublished\":\"2024-10-20T19:27:25+00:00\",\"dateModified\":\"2024-10-20T22:30:36+00:00\",\"breadcrumb\":{\"@id\":\"https:\/\/en.rensnaturals.eu\/products\/rens-antihypertension-aht-a-for-adults\/#breadcrumb\"},\"inLanguage\":\"hr\",\"potentialAction\":[{\"@type\":\"ReadAction\",\"target\":[\"https:\/\/en.rensnaturals.eu\/products\/rens-antihypertension-aht-a-for-adults\/\"]}]},{\"@type\":\"BreadcrumbList\",\"@id\":\"https:\/\/en.rensnaturals.eu\/products\/rens-antihypertension-aht-a-for-adults\/#breadcrumb\",\"itemListElement\":[{\"@type\":\"ListItem\",\"position\":1,\"item\":{\"@type\":\"WebPage\",\"@id\":\"https:\/\/en.rensnaturals.eu\/\",\"url\":\"https:\/\/en.rensnaturals.eu\/\",\"name\":\"Home\"}},{\"@type\":\"ListItem\",\"position\":2,\"item\":{\"@type\":\"WebPage\",\"@id\":\"https:\/\/en.rensnaturals.eu\/products\/\",\"url\":\"https:\/\/en.rensnaturals.eu\/products\/\",\"name\":\"Products\"}},{\"@type\":\"ListItem\",\"position\":3,\"item\":{\"@type\":\"WebPage\",\"@id\":\"https:\/\/en.rensnaturals.eu\/products\/rens-antihypertension-aht-a-for-adults\/\",\"url\":\"https:\/\/en.rensnaturals.eu\/products\/rens-antihypertension-aht-a-for-adults\/\",\"name\":\"RENS AntiHyperTension, AHT A, for adults\"}}]}]}<\/script>\n<!-- \/ Yoast SEO plugin. -->","_links":{"self":[{"href":"https:\/\/en.rensnaturals.eu\/hr\/wp-json\/wp\/v2\/product\/12826"}],"collection":[{"href":"https:\/\/en.rensnaturals.eu\/hr\/wp-json\/wp\/v2\/product"}],"about":[{"href":"https:\/\/en.rensnaturals.eu\/hr\/wp-json\/wp\/v2\/types\/product"}],"replies":[{"embeddable":true,"href":"https:\/\/en.rensnaturals.eu\/hr\/wp-json\/wp\/v2\/comments?post=12826"}],"wp:featuredmedia":[{"embeddable":true,"href":"https:\/\/en.rensnaturals.eu\/hr\/wp-json\/wp\/v2\/media\/12050"}],"wp:attachment":[{"href":"https:\/\/en.rensnaturals.eu\/hr\/wp-json\/wp\/v2\/media?parent=12826"}],"curies":[{"name":"wp","href":"https:\/\/api.w.org\/{rel}","templated":true}]}}