{"id":12408,"date":"2021-12-06T12:56:05","date_gmt":"2021-12-06T11:56:05","guid":{"rendered":"https:\/\/en.rensnaturals.eu\/?post_type=product&#038;p=12408"},"modified":"2023-07-20T00:04:47","modified_gmt":"2023-07-19T22:04:47","slug":"rens-hn-ac-f-for-adults","status":"publish","type":"product","link":"https:\/\/en.rensnaturals.eu\/hr\/products\/rens-hn-ac-f-for-adults\/","title":{"rendered":"RENS HN AC F, for adults"},"content":{"rendered":"<h5 style=\"text-align: justify;\" ><\/h5>\n<h5 style=\"text-align: justify;\"><span style=\"color: #008000; font-size: 14pt; font-family: helvetica, arial, sans-serif;\"><strong><em>Rensnaturals\u00ae \u00a0<\/em>RENS H AC F, detoxification for adults<br \/>\n<\/strong><\/span><\/h5>\n<p>&nbsp;<\/p>\n<ul>\n<li style=\"text-align: justify;\"><span style=\"color: #ff9900; font-family: helvetica, arial, sans-serif; font-size: 12pt;\"><strong>continuing RENS detoxification formula <span style=\"color: #ee9434;\"><span style=\"color: #ff9900;\">with apricot kernel oil<\/span><\/span> for adults. <\/strong><span style=\"text-decoration: underline;\">K<\/span><span style=\"text-decoration: underline;\">se in the subsequent stages of detoxification in persons who at the same time have milder gastrointestinal problems and who eat mainly industrially prepared food or they live in environments where pesticide-based glyphosate preparations are still used in agriculture.<\/span> <strong>Formula sadr\u017ei ve\u0107u koncentraciju sastojaka za detoksikaciju. <\/strong>Kako bismo vam pomogli da odaberete pravu RENS formulu, mo\u017eete nam poslati e-mail <span style=\"font-family: helvetica, arial, sans-serif; font-size: 12pt;\"><em><span style=\"color: #008000;\" ><a style=\"color: #008000;\"   href=\"mailto: info@rensnaturals.eu\">info@rensnaturals.eu.<\/a><\/span><\/em><\/span><strong><br \/>\n<\/strong><\/span><\/li>\n<li style=\"text-align: left;\"><span style=\"font-family: helvetica, arial, sans-serif; font-size: 12pt;\"><span style=\"text-decoration: underline;\">prirodni dodatak prehrani<\/span> for rapid detoxification and regeneration of the body<\/span><\/li>\n<li style=\"text-align: left;\"><span style=\"font-family: helvetica, arial, sans-serif; font-size: 12pt;\">prirodni ekstrakti zelenih, plavih i crvenih algi i biljni klorofil, u ulju ko\u0161tica marelice<\/span><\/li>\n<li><span style=\"font-family: helvetica, arial, sans-serif; font-size: 12pt;\">dodan prirodni organski sumpor MSM<\/span><\/li>\n<li style=\"text-align: left;\"><span style=\"text-decoration: underline; font-family: helvetica, arial, sans-serif; font-size: 12pt;\">za odrasle, preko 75 kg tjelesne te\u017eine<\/span><\/li>\n<li style=\"text-align: left;\"><strong><span style=\"font-family: helvetica, arial, sans-serif; font-size: 12pt;\"><span style=\"color: #ff9900;\">supports the natural processes of detoxification and regeneration of the body<\/span><\/span><\/strong><\/li>\n<li style=\"text-align: left;\"><span style=\"font-family: helvetica, arial, sans-serif; font-size: 12pt;\">tako\u0111er pogodan za vegetarijance i vegane<\/span><\/li>\n<li style=\"text-align: left;\"><span style=\"font-family: helvetica, arial, sans-serif; font-size: 12pt;\">proizvod ne sadr\u017ei GMO, gluten, kazein, soju<\/span><\/li>\n<li style=\"text-align: left;\"><span style=\"font-family: helvetica, arial, sans-serif; font-size: 12pt;\">proizvedeno prema HACCP protokolu, u kontroliranom okru\u017eenju.<\/span><\/li>\n<li style=\"text-align: left;\"><span style=\"font-family: helvetica, arial, sans-serif; font-size: 12pt;\">30 dana prodajne garancije na zadovoljstvo proizvodom<\/span><\/li>\n<\/ul>\n<p>&nbsp;<\/p>\n<p style=\"text-align: justify;\"><span style=\"font-family: helvetica, arial, sans-serif; font-size: 12pt;\">Naturally grown algae are known for their natural detoxifying effects and disinfection and have been used for centuries. Modern research shows that they can also effectively help with the natural processes of removing accumulated toxins and toxic metals from the body.. <em><strong>U obliku prirodnog dodatka prehrani djeluju u tijelu kao prirodni katalizator koji poma\u017ee tijelu da uspostavi svoju primarnu funkciju detoksikacije.<\/strong><\/em> Djeluju kroz oksigenaciju, alkalizaciju i pro\u010di\u0161\u0107avanje tijela, \u0161to je op\u0107enito poznato kao \"detoksikacija tijela ili detox\".<\/span><\/p>\n<p style=\"text-align: justify;\"><span style=\"font-size: 12pt; font-family: helvetica, arial, sans-serif;\"><strong>Za ulje ko\u0161tica marelice, <\/strong>kori\u0161teno kao bazno ulje, <strong>there are many findings that it helps prevent and further the development of certain diseases, <\/strong>as it contains laetrile or amygdalin, which is also known as vitamin B17. Apricot kernel oil is often used in alternative treatments \/ therapies, as laetrile is said to reduce the number of damaged cells while not affecting healthy cells. At the same time, it strengthens the immune system, which is supposed to reduce the possibility of the appearance of new abnormal formations.<\/span><\/p>\n<p style=\"text-align: justify;\"><span style=\"font-family: helvetica, arial, sans-serif; font-size: 12pt;\">Proizvod je rezultat istra\u017eivanja europskog istra\u017eiva\u010da i inovatora Zorana Dernov\u0161eka iz Slovenije. Generalni prodajni predstavnik: Rens Vit d.o.o., Slovenija. Proizvedeno u EU.<\/span><\/p>\n<h5 style=\"text-align: justify;\"><span style=\"color: #008000; font-family: helvetica, arial, sans-serif;\"><strong><span style=\"font-size: 14pt;\">Preporu\u010dena upotreba<\/span><\/strong><\/span><\/h5>\n<p style=\"text-align: justify;\"><span style=\"font-family: helvetica, arial, sans-serif; font-size: 12pt;\"><strong><span style=\"color: #ff9900;\">Preporu\u010dena dnevna doza za preventivnu upotrebu kod odraslih, preko 75 kg tjelesne te\u017eine, je 1 kap na svakih 28 kg tjelesne te\u017eine.<\/span>\u00a0<\/strong>Dnevna doza se nanosi na desni ili pod jezik.<\/span><\/p>\n<p style=\"text-align: justify;\"><span style=\"font-family: helvetica, arial, sans-serif; font-size: 12pt;\">Prije svake upotrebe bo\u010dicu dobro protresite. Napravite kapljicu na prstu i utrljajte u desni. Ako kapi nisu tamne, bo\u010dicu treba dodatno protresti da se sastojci dobro promije\u0161aju.\u00a0<\/span><\/p>\n<h5 style=\"text-align: justify;\"><span style=\"color: #008000; font-family: helvetica, arial, sans-serif;\"><strong><span style=\"font-size: 14pt;\">Sastojci<\/span><\/strong><\/span><\/h5>\n<h6 style=\"text-align: justify;\"><span style=\"font-family: helvetica, arial, sans-serif; font-size: 12pt; color: #333333;\">Glavni sastojci<\/span><\/h6>\n<ul style=\"text-align: justify;\">\n<li><span style=\"font-family: helvetica, arial, sans-serif; font-size: 12pt;\" >zelene alge i njihovi ekstrakti<\/span><\/li>\n<li><span style=\"font-family: helvetica, arial, sans-serif; font-size: 12pt;\" >plave alge i njihovi ekstrakti<\/span><\/li>\n<li><span style=\"font-family: helvetica, arial, sans-serif; font-size: 12pt;\">crvene alge i njihovi ekstrakti<\/span><\/li>\n<li><span style=\"font-family: helvetica, arial, sans-serif; font-size: 12pt;\" >prirodni biljni klorofil<\/span><\/li>\n<\/ul>\n<h6 style=\"text-align: justify;\"><span style=\"font-family: helvetica, arial, sans-serif; font-size: 12pt; color: #333333;\">Drugi sastojci<\/span><\/h6>\n<ul style=\"list-style-type: disc; text-align: justify;\">\n<li><span style=\"font-family: helvetica, arial, sans-serif; font-size: 12pt;\">ulje ko\u0161tica marelice<\/span><\/li>\n<li><span style=\"font-family: helvetica, arial, sans-serif; font-size: 12pt;\">prirodni organski sumpor MSM<\/span><\/li>\n<\/ul>\n<p style=\"text-align: justify;\"><span style=\"font-family: helvetica, arial, sans-serif; font-size: 12pt;\"><em>Sve RENS formule izra\u0111ene su od 100% prirodnih sastojaka biljnog podrijetla, prema HACCP protokolu, u kontroliranom okru\u017eenju.<\/em><\/span><\/p>\n<h5 style=\"text-align: justify;\"><span style=\"color: #008000; font-family: helvetica, arial, sans-serif;\"><strong><span style=\"font-size: 14pt;\">Obavijest<\/span><\/strong><\/span><\/h5>\n<p style=\"text-align: justify;\"><span style=\"font-family: helvetica, arial, sans-serif; font-size: 12pt;\">Primjena RENS dodataka prehrani namijenjena je u preventivne svrhe.\u00a0<span style=\"text-decoration: underline;\">Preporu\u010dene dnevne doze ne smiju se prekora\u010diti.<\/span>\u00a0Dodatak prehrani nije zamjena za uravnote\u017eenu i raznoliku prehranu i zdrav na\u010din \u017eivota.<\/span><\/p>\n<p style=\"text-align: justify;\"><span style=\"font-family: helvetica, arial, sans-serif; font-size: 12pt;\">\u010cuvati na sobnoj temperaturi, izvan dohvata djece. Prije uporabe dodataka prehrani mo\u017eete se posavjetovati sa svojim lije\u010dnikom, ljekarnikom, naturopatom ili nekim drugim kvalificiranim zdravstvenim djelatnikom. Nepravilno skladi\u0161tenje, kao \u0161to je dugotrajno izlaganje izravnoj sun\u010devoj svjetlosti ili toplini, mo\u017ee uzrokovati da bazno ulje postane u\u017eeglo i time proizvod postane neupotrebljiv.<\/span><\/p>\n<p style=\"text-align: justify;\"><span style=\"font-family: helvetica, arial, sans-serif; font-size: 12pt;\"><em>Za vi\u0161e informacija o proizvodima i njihovoj upotrebi pi\u0161ite na <span style=\"color: #008000;\"><a style=\"color: #008000;\"   href=\"mailto: info@rensnaturals.eu\">info@rensnaturals.eu.<\/a><\/span><\/em><\/span><\/p>\n<h5 style=\"text-align: justify;\"><span style=\"color: #008000; font-family: helvetica, arial, sans-serif;\"><strong><span style=\"font-size: 14pt;\">Ograni\u010denje odgovornosti<\/span><\/strong><\/span><\/h5>\n<p style=\"text-align: justify;\"><span style=\"font-family: helvetica, arial, sans-serif; font-size: 12pt;\">Iako \u010dinimo sve napore kako bismo osigurali to\u010dnost slika i informacija o proizvodu na web stranici, s vremena na vrijeme mo\u017ee do\u0107i do nekih a\u017euriranja pakiranja, no informacije na web stranici jo\u0161 nisu a\u017eurirane. Iako se proizvodi povremeno \u0161alju u alternativnom pakiranju, zajam\u010deno je da \u0107e svje\u017eina, sastojci i cjelovitost proizvoda biti isti kao u primarnom pakiranju. Prije uporabe proizvoda svakako pro\u010ditajte upute i upozorenja proizvo\u0111a\u010da na pakiranju i nemojte se oslanjati samo na informacije na web stranici.<\/span><\/p>\n<p style=\"text-align: justify;\"><span style=\"font-family: helvetica, arial, sans-serif; font-size: 12pt;\"><em><strong>RENS food supplements are not a medicine. In case you decide to use the supplements to support biomedical detoxification protocols it is mandatory to consult a qualified professional before using the product! For more information you can write to us by e-mail: <span style=\"color: #008000;\"><a style=\"color: #008000;\"   href=\"mailto: info@rensnaturals.eu\">info@rensnaturals.eu.<\/a><\/span><\/strong><\/em><\/span><\/p>\n<p>&nbsp;<\/p>","protected":false},"excerpt":{"rendered":"<p>Rensnaturals\u00ae \u00a0RENS H AC F, detoxification for adults &nbsp; continuing RENS detoxification formula with apricot kernel oil for adults. Use in the subsequent stages of detoxification in persons who at the same time have milder gastrointestinal problems and who eat mainly industrially prepared food or they live in environments where pesticide-based glyphosate preparations are still used in agriculture. The formula contains a higher concentration of detoxification ingredients. To help you choose the right RENS formula, you can email us info@rensnaturals.eu. a natural dietary supplement for rapid detoxification and regeneration of the body natural extracts of green, blue and red algae and plant chlorophyll, in apricot kernel oil added natural organic sulfur MSM for adults, over 75 kg body weight supports the natural processes of detoxification and regeneration of the body [&hellip;]<\/p>","protected":false},"featured_media":12050,"comment_status":"open","ping_status":"closed","template":"","meta":{"spay_email":"","_expiration-date-status":"","_expiration-date":0,"_expiration-date-type":"","_expiration-date-categories":[],"_expiration-date-options":[]},"yoast_head":"<!-- This site is optimized with the Yoast SEO plugin v15.9 - https:\/\/yoast.com\/wordpress\/plugins\/seo\/ -->\n<title>RENS HN AC F, for adults - Rensnaturals<\/title>\n<meta name=\"robots\"  content=\"index, follow, max-snippet:-1, max-image-preview:large, max-video-preview:-1\" \/>\n<link rel=\"canonical\"  href=\"https:\/\/en.rensnaturals.eu\/hr\/products\/rens-hn-ac-f-for-adults\/\" \/>\n<meta property=\"og:locale\"  content=\"hr_HR\" \/>\n<meta property=\"og:type\"  content=\"article\" \/>\n<meta property=\"og:title\"  content=\"RENS HN AC F, for adults - Rensnaturals\" \/>\n<meta property=\"og:description\"  content=\"Rensnaturals\u00ae \u00a0RENS H AC F, detoxification for adults &nbsp; continuing RENS detoxification formula with apricot kernel oil for adults. Use in the subsequent stages of detoxification in persons who at the same time have milder gastrointestinal problems and who eat mainly industrially prepared food or they live in environments where pesticide-based glyphosate preparations are still used in agriculture. The formula contains a higher concentration of detoxification ingredients. To help you choose the right RENS formula, you can email us info@rensnaturals.eu. a natural dietary supplement for rapid detoxification and regeneration of the body natural extracts of green, blue and red algae and plant chlorophyll, in apricot kernel oil added natural organic sulfur MSM for adults, over 75 kg body weight supports the natural processes of detoxification and regeneration of the body [&hellip;]\" \/>\n<meta property=\"og:url\"  content=\"https:\/\/en.rensnaturals.eu\/hr\/products\/rens-hn-ac-f-for-adults\/\" \/>\n<meta property=\"og:site_name\" content=\"Rensnaturals\" \/>\n<meta property=\"article:modified_time\"  content=\"2023-07-19T22:04:47+00:00\" \/>\n<meta property=\"og:image\"  content=\"https:\/\/i2.wp.com\/en.rensnaturals.eu\/wp-content\/uploads\/2021\/01\/RENS-verzija-1-e1612387833989.png?fit=283%2C454&#038;ssl=1\" \/>\n\t<meta property=\"og:image:width\" content=\"283\" \/>\n\t<meta property=\"og:image:height\" content=\"454\" \/>\n<meta name=\"twitter:card\" content=\"summary_large_image\" \/>\n<meta name=\"twitter:label1\" content=\"Procijenjeno vrijeme \u010ditanja\">\n\t<meta name=\"twitter:data1\"  content=\"4 minute\">\n<script type=\"application\/ld+json\"  class=\"yoast-schema-graph\">{\"@context\":\"https:\/\/schema.org\",\"@graph\":[{\"@type\":\"WebSite\",\"@id\":\"https:\/\/en.rensnaturals.eu\/#website\",\"url\":\"https:\/\/en.rensnaturals.eu\/\",\"name\":\"Rensnaturals\",\"description\":\"\",\"potentialAction\":[{\"@type\":\"SearchAction\",\"target\":\"https:\/\/en.rensnaturals.eu\/?s={search_term_string}\",\"query-input\":\"required name=search_term_string\"}],\"inLanguage\":\"hr\"},{\"@type\":\"ImageObject\",\"@id\":\"https:\/\/en.rensnaturals.eu\/products\/rens-hn-ac-f-for-adults\/#primaryimage\",\"inLanguage\":\"hr\",\"url\":\"https:\/\/i2.wp.com\/en.rensnaturals.eu\/wp-content\/uploads\/2021\/01\/RENS-verzija-1-e1612387833989.png?fit=283%2C454&ssl=1\",\"width\":283,\"height\":454},{\"@type\":\"WebPage\",\"@id\":\"https:\/\/en.rensnaturals.eu\/products\/rens-hn-ac-f-for-adults\/#webpage\",\"url\":\"https:\/\/en.rensnaturals.eu\/products\/rens-hn-ac-f-for-adults\/\",\"name\":\"RENS HN AC F, for adults - Rensnaturals\",\"isPartOf\":{\"@id\":\"https:\/\/en.rensnaturals.eu\/#website\"},\"primaryImageOfPage\":{\"@id\":\"https:\/\/en.rensnaturals.eu\/products\/rens-hn-ac-f-for-adults\/#primaryimage\"},\"datePublished\":\"2021-12-06T11:56:05+00:00\",\"dateModified\":\"2023-07-19T22:04:47+00:00\",\"breadcrumb\":{\"@id\":\"https:\/\/en.rensnaturals.eu\/products\/rens-hn-ac-f-for-adults\/#breadcrumb\"},\"inLanguage\":\"hr\",\"potentialAction\":[{\"@type\":\"ReadAction\",\"target\":[\"https:\/\/en.rensnaturals.eu\/products\/rens-hn-ac-f-for-adults\/\"]}]},{\"@type\":\"BreadcrumbList\",\"@id\":\"https:\/\/en.rensnaturals.eu\/products\/rens-hn-ac-f-for-adults\/#breadcrumb\",\"itemListElement\":[{\"@type\":\"ListItem\",\"position\":1,\"item\":{\"@type\":\"WebPage\",\"@id\":\"https:\/\/en.rensnaturals.eu\/\",\"url\":\"https:\/\/en.rensnaturals.eu\/\",\"name\":\"Home\"}},{\"@type\":\"ListItem\",\"position\":2,\"item\":{\"@type\":\"WebPage\",\"@id\":\"https:\/\/en.rensnaturals.eu\/products\/\",\"url\":\"https:\/\/en.rensnaturals.eu\/products\/\",\"name\":\"Products\"}},{\"@type\":\"ListItem\",\"position\":3,\"item\":{\"@type\":\"WebPage\",\"@id\":\"https:\/\/en.rensnaturals.eu\/products\/rens-hn-ac-f-for-adults\/\",\"url\":\"https:\/\/en.rensnaturals.eu\/products\/rens-hn-ac-f-for-adults\/\",\"name\":\"RENS HN AC F, for adults\"}}]}]}<\/script>\n<!-- \/ Yoast SEO plugin. -->","_links":{"self":[{"href":"https:\/\/en.rensnaturals.eu\/hr\/wp-json\/wp\/v2\/product\/12408"}],"collection":[{"href":"https:\/\/en.rensnaturals.eu\/hr\/wp-json\/wp\/v2\/product"}],"about":[{"href":"https:\/\/en.rensnaturals.eu\/hr\/wp-json\/wp\/v2\/types\/product"}],"replies":[{"embeddable":true,"href":"https:\/\/en.rensnaturals.eu\/hr\/wp-json\/wp\/v2\/comments?post=12408"}],"wp:featuredmedia":[{"embeddable":true,"href":"https:\/\/en.rensnaturals.eu\/hr\/wp-json\/wp\/v2\/media\/12050"}],"wp:attachment":[{"href":"https:\/\/en.rensnaturals.eu\/hr\/wp-json\/wp\/v2\/media?parent=12408"}],"curies":[{"name":"wp","href":"https:\/\/api.w.org\/{rel}","templated":true}]}}