{"id":12209,"date":"2021-03-24T14:03:47","date_gmt":"2021-03-24T13:03:47","guid":{"rendered":"https:\/\/en.rensnaturals.eu\/?post_type=product&#038;p=12209"},"modified":"2022-01-27T10:34:22","modified_gmt":"2022-01-27T09:34:22","slug":"replacement-filters-for-rens-face-masks-sices-s-m-l","status":"publish","type":"product","link":"https:\/\/en.rensnaturals.eu\/hr\/products\/replacement-filters-for-rens-face-masks-sices-s-m-l\/","title":{"rendered":"Zamjenski filteri za RENS maske, veli\u010dina  S, M, L"},"content":{"rendered":"<h5><\/h5>\n<h5 style=\"text-align: left;\"><span style=\"color: #008000; font-size: 14pt; font-family: helvetica, arial, sans-serif;\"><strong><em>Rensnaturals\u00ae  zamjenski filteri za <\/em>RENS perive PPM A maske za lice, za maske veli\u010dine S, M, L<\/strong><\/span><\/h5>\n<p>&nbsp;<\/p>\n<p style=\"text-align: justify;\"><span style=\"font-family: helvetica, arial, sans-serif; font-size: 12pt; color: #ff9900;\">Zamjenski filter s jedinstvenom formulom za dobivanje kisika iz izdahnutog zraka. Uz pomo\u0107 izdahnutog zraka djelovati kao dezinficijens. Organski materijali.<\/span><\/p>\n<p>&nbsp;<\/p>\n<ul style=\"list-style-type: disc; text-align: justify;\">\n<li style=\"text-align: left;\"><span style=\"font-family: helvetica, arial, sans-serif; font-size: 12pt; color: #ff9900;\">zamjenski prirodni biolo\u0161ki filter Heds Space Oxygen Production za izdvajanje kisika iz izdahnutog zraka<\/span><\/li>\n<li style=\"text-align: left;\"><span style=\"font-family: helvetica, arial, sans-serif; font-size: 12pt;\">rok trajanja biolo\u0161kog filtera koji sadr\u017ei HSOP formulu je 3 do 6 mjeseci uz normalnu upotrebu<\/span><\/li>\n<li style=\"text-align: left;\"><span style=\"font-family: helvetica, arial, sans-serif; font-size: 12pt;\">filter djeluje i kao dodatni za\u0161titni sloj maske<\/span><\/li>\n<li style=\"text-align: left;\"><span style=\"font-family: helvetica, arial, sans-serif; font-size: 12pt;\">prije pranja maske, filter se mora izvaditi iz unutarnjeg d\u017eepa maske. Nakon pranja maske, filter se mo\u017ee ponovno ugraditi u \u010distu masku za daljnju upotrebu<\/span><\/li>\n<li style=\"text-align: left;\"><span style=\"font-family: helvetica, arial, sans-serif; font-size: 12pt; color: #ff9900;\">cijena je za 1 komad biolo\u0161kog filtera s HSOP formulom koji se aktivira izdahnutim zrakom<\/span><\/li>\n<li style=\"text-align: left;\"><span style=\"font-family: helvetica, arial, sans-serif; font-size: 12pt;\">biolo\u0161ki filter s HSOP formulom sadr\u017ei isklju\u010divo prirodne sastojke, 100% siguran za svakodnevnu upotrebu<\/span><\/li>\n<li style=\"text-align: left;\"><span style=\"font-family: helvetica, arial, sans-serif; font-size: 12pt;\">filteri su dostupni u razli\u010ditim veli\u010dinama, za veli\u010dine maske S, M, L<\/span><\/li>\n<li style=\"text-align: left;\"><span style=\"font-family: helvetica, arial, sans-serif; font-size: 12pt;\">filteri su pakirani u hermeti\u010dku plasti\u010dnu ambala\u017eu, \u0161to im produ\u017euje rok trajanja<\/span><\/li>\n<li style=\"text-align: left;\"><span style=\"font-family: helvetica, arial, sans-serif; font-size: 12pt;\">mo\u017eete naru\u010diti koli\u010dine za redovitu osobnu upotrebu<\/span><\/li>\n<\/ul>\n<p>&nbsp;<\/p>\n<p style=\"text-align: justify;\"><span style=\"font-family: helvetica, arial, sans-serif; font-size: 12pt;\">Proizvod je rezultat istra\u017eivanja europskog istra\u017eiva\u010da i inovatora Zorana Dernov\u0161eka iz Slovenije. Generalni prodajni predstavnik: Rens Vit d.o.o., Slovenija. Proizvedeno u EU.<\/span><\/p>\n<p>&nbsp;<\/p>\n<p style=\"text-align: justify;\"><span style=\"font-family: helvetica, arial, sans-serif; font-size: 12pt;\"><em>Sve RENS formule izra\u0111ene su od 100% prirodnih sastojaka biljnog podrijetla, prema HACCP protokolu, u kontroliranom okru\u017eenju. Za vi\u0161e informacija o proizvodima i njihovoj upotrebi pi\u0161ite na <\/em><em><span style=\"color: #008000;\" ><a style=\"color: #008000;\"   href=\"mailto: info@rensnaturals.eu\">info@rensnaturals.eu.<\/a><\/span><\/em><\/span><\/p>\n<h5 style=\"text-align: justify;\"><span style=\"color: #008000; font-family: helvetica, arial, sans-serif;\"><strong><span style=\"font-size: 14pt;\">Ograni\u010denje odgovornosti<\/span><\/strong><\/span><\/h5>\n<p style=\"text-align: justify;\"><span style=\"font-family: helvetica, arial, sans-serif; font-size: 12pt;\">Iako \u010dinimo sve napore kako bismo osigurali to\u010dnost slika i informacija o proizvodu na web stranici, s vremena na vrijeme mo\u017ee do\u0107i do nekih a\u017euriranja pakiranja, no informacije na web stranici jo\u0161 nisu a\u017eurirane. Iako se proizvodi povremeno \u0161alju u alternativnom pakiranju, zajam\u010deno je da \u0107e svje\u017eina, sastojci i cjelovitost proizvoda biti isti kao u primarnom pakiranju. Prije uporabe proizvoda svakako pro\u010ditajte upute i upozorenja proizvo\u0111a\u010da na pakiranju i nemojte se oslanjati samo na informacije na web stranici.<\/span><\/p>","protected":false},"excerpt":{"rendered":"<p>Rensnaturals\u00ae\u00a0 replacement filters for RENS washable PPM A face masks, for mask sizes S, M, L &nbsp; Replacement filter with a unique formula for obtaining oxygen from exhaled air. With the help of exhaled air, act as a disinfectant. Organic materials. &nbsp; replacement Heds Space Oxygen Production natural biological filter for extracting oxygen from exhaled air the shelf life of the biological filter containing the HSOP formula is 3 to 6 months with normal use the filter also acts as an additional protective layer of the mask before washing the mask, the filter must be removed from the inner pocket of the mask. After washing the mask, the filter can be reinstalled in a clean mask for further use the price is for 1 piece of biological filter with HSOP [&hellip;]<\/p>","protected":false},"featured_media":12213,"comment_status":"open","ping_status":"closed","template":"","meta":{"spay_email":"","_expiration-date-status":"","_expiration-date":0,"_expiration-date-type":"","_expiration-date-categories":[],"_expiration-date-options":[]},"yoast_head":"<!-- This site is optimized with the Yoast SEO plugin v15.9 - https:\/\/yoast.com\/wordpress\/plugins\/seo\/ -->\n<title>Replacement filters for RENS face masks, sizes S, M, L - Rensnaturals<\/title>\n<meta name=\"robots\"  content=\"index, follow, max-snippet:-1, max-image-preview:large, max-video-preview:-1\"  \/>\n<link rel=\"canonical\"  href=\"https:\/\/en.rensnaturals.eu\/hr\/products\/replacement-filters-for-rens-face-masks-sices-s-m-l\/\" \/>\n<meta property=\"og:locale\"  content=\"hr_HR\" \/>\n<meta property=\"og:type\"  content=\"article\" \/>\n<meta property=\"og:title\"  content=\"Replacement filters for RENS face masks, sizes S, M, L - Rensnaturals\" \/>\n<meta property=\"og:description\"  content=\"Rensnaturals\u00ae\u00a0 replacement filters for RENS washable PPM A face masks, for mask sizes S, M, L &nbsp; Replacement filter with a unique formula for obtaining oxygen from exhaled air. With the help of exhaled air, act as a disinfectant. Organic materials. &nbsp; replacement Heds Space Oxygen Production natural biological filter for extracting oxygen from exhaled air the shelf life of the biological filter containing the HSOP formula is 3 to 6 months with normal use the filter also acts as an additional protective layer of the mask before washing the mask, the filter must be removed from the inner pocket of the mask. After washing the mask, the filter can be reinstalled in a clean mask for further use the price is for 1 piece of biological filter with HSOP [&hellip;]\" \/>\n<meta property=\"og:url\"  content=\"https:\/\/en.rensnaturals.eu\/hr\/products\/replacement-filters-for-rens-face-masks-sices-s-m-l\/\" \/>\n<meta property=\"og:site_name\"  content=\"Rensnaturals\" \/>\n<meta property=\"article:modified_time\"  content=\"2022-01-27T09:34:22+00:00\" \/>\n<meta property=\"og:image\"  content=\"https:\/\/en.rensnaturals.eu\/wp-content\/uploads\/2021\/03\/Filtri-za-maske-1024x1009.png\" \/>\n\t<meta property=\"og:image:width\" content=\"1024\" \/>\n\t<meta property=\"og:image:height\" content=\"1009\" \/>\n<meta name=\"twitter:card\" content=\"summary_large_image\" \/>\n<meta name=\"twitter:label1\"  content=\"Procijenjeno vrijeme \u010ditanja\">\n\t<meta name=\"twitter:data1\" content=\"2 minute\">\n<script type=\"application\/ld+json\" class=\"yoast-schema-graph\">{\"@context\":\"https:\/\/schema.org\",\"@graph\":[{\"@type\":\"WebSite\",\"@id\":\"https:\/\/en.rensnaturals.eu\/#website\",\"url\":\"https:\/\/en.rensnaturals.eu\/\",\"name\":\"Rensnaturals\",\"description\":\"\",\"potentialAction\":[{\"@type\":\"SearchAction\",\"target\":\"https:\/\/en.rensnaturals.eu\/?s={search_term_string}\",\"query-input\":\"required name=search_term_string\"}],\"inLanguage\":\"hr\"},{\"@type\":\"ImageObject\",\"@id\":\"https:\/\/en.rensnaturals.eu\/products\/replacement-filters-for-rens-face-masks-sices-s-m-l\/#primaryimage\",\"inLanguage\":\"hr\",\"url\":\"https:\/\/i0.wp.com\/en.rensnaturals.eu\/wp-content\/uploads\/2021\/03\/Filtri-za-maske.png?fit=2387%2C2353&ssl=1\",\"width\":2387,\"height\":2353},{\"@type\":\"WebPage\",\"@id\":\"https:\/\/en.rensnaturals.eu\/products\/replacement-filters-for-rens-face-masks-sices-s-m-l\/#webpage\",\"url\":\"https:\/\/en.rensnaturals.eu\/products\/replacement-filters-for-rens-face-masks-sices-s-m-l\/\",\"name\":\"Replacement filters for RENS face masks, sizes S, M, L - Rensnaturals\",\"isPartOf\":{\"@id\":\"https:\/\/en.rensnaturals.eu\/#website\"},\"primaryImageOfPage\":{\"@id\":\"https:\/\/en.rensnaturals.eu\/products\/replacement-filters-for-rens-face-masks-sices-s-m-l\/#primaryimage\"},\"datePublished\":\"2021-03-24T13:03:47+00:00\",\"dateModified\":\"2022-01-27T09:34:22+00:00\",\"breadcrumb\":{\"@id\":\"https:\/\/en.rensnaturals.eu\/products\/replacement-filters-for-rens-face-masks-sices-s-m-l\/#breadcrumb\"},\"inLanguage\":\"hr\",\"potentialAction\":[{\"@type\":\"ReadAction\",\"target\":[\"https:\/\/en.rensnaturals.eu\/products\/replacement-filters-for-rens-face-masks-sices-s-m-l\/\"]}]},{\"@type\":\"BreadcrumbList\",\"@id\":\"https:\/\/en.rensnaturals.eu\/products\/replacement-filters-for-rens-face-masks-sices-s-m-l\/#breadcrumb\",\"itemListElement\":[{\"@type\":\"ListItem\",\"position\":1,\"item\":{\"@type\":\"WebPage\",\"@id\":\"https:\/\/en.rensnaturals.eu\/\",\"url\":\"https:\/\/en.rensnaturals.eu\/\",\"name\":\"Home\"}},{\"@type\":\"ListItem\",\"position\":2,\"item\":{\"@type\":\"WebPage\",\"@id\":\"https:\/\/en.rensnaturals.eu\/products\/\",\"url\":\"https:\/\/en.rensnaturals.eu\/products\/\",\"name\":\"Products\"}},{\"@type\":\"ListItem\",\"position\":3,\"item\":{\"@type\":\"WebPage\",\"@id\":\"https:\/\/en.rensnaturals.eu\/products\/replacement-filters-for-rens-face-masks-sices-s-m-l\/\",\"url\":\"https:\/\/en.rensnaturals.eu\/products\/replacement-filters-for-rens-face-masks-sices-s-m-l\/\",\"name\":\"Replacement filters for RENS face masks, sizes S, M, L\"}}]}]}<\/script>\n<!-- \/ Yoast SEO plugin. -->","_links":{"self":[{"href":"https:\/\/en.rensnaturals.eu\/hr\/wp-json\/wp\/v2\/product\/12209"}],"collection":[{"href":"https:\/\/en.rensnaturals.eu\/hr\/wp-json\/wp\/v2\/product"}],"about":[{"href":"https:\/\/en.rensnaturals.eu\/hr\/wp-json\/wp\/v2\/types\/product"}],"replies":[{"embeddable":true,"href":"https:\/\/en.rensnaturals.eu\/hr\/wp-json\/wp\/v2\/comments?post=12209"}],"wp:featuredmedia":[{"embeddable":true,"href":"https:\/\/en.rensnaturals.eu\/hr\/wp-json\/wp\/v2\/media\/12213"}],"wp:attachment":[{"href":"https:\/\/en.rensnaturals.eu\/hr\/wp-json\/wp\/v2\/media?parent=12209"}],"curies":[{"name":"wp","href":"https:\/\/api.w.org\/{rel}","templated":true}]}}