{"id":12101,"date":"2021-01-05T00:09:00","date_gmt":"2021-01-04T23:09:00","guid":{"rendered":"https:\/\/www.rensnaturals.eu\/?post_type=product&#038;p=12101"},"modified":"2024-10-20T23:17:27","modified_gmt":"2024-10-20T21:17:27","slug":"rens-washable-ppm-a-face-mask","status":"publish","type":"product","link":"https:\/\/en.rensnaturals.eu\/hr\/products\/rens-washable-ppm-a-face-mask\/","title":{"rendered":"RENS periva PPM Maska za lice, sa posebnom formulom za opskrbu kisikom"},"content":{"rendered":"<h5 style=\"text-align: justify;\" ><\/h5>\n<h5 style=\"text-align: justify;\"><span style=\"color: #008000; font-size: 14pt; font-family: helvetica, arial, sans-serif;\"><strong><em>Rensnaturals\u00ae\u00a0 <\/em>RENS periva PPM A maska \u200b\u200bza lice, veli\u010dine S, M, L<\/strong><\/span><\/h5>\n<p>&nbsp;<\/p>\n<p style=\"text-align: justify;\"><span style=\"color: #ff9900; font-family: helvetica, arial, sans-serif; font-size: 12pt;\">Udobna dvoslojna pamu\u010dna periva maska \u200b\u200bza lice, dodatni prirodni biolo\u0161ki filter s posebnom formulom za dobivanje kisika iz izdahnutog zraka. Maska za lice pru\u017ea sna\u017enu za\u0161titu od patogena iz okoli\u0161a (virusi, bakterije, plijesan). Uz pomo\u0107 izdahnutog zraka ima dezinfekcijski u\u010dinak. Mikroklima stvorena ispod maske nudi ve\u0107u udobnost, \u010dak i uz dulje kori\u0161tenje maske.<\/span><\/p>\n<p>&nbsp;<\/p>\n<ul style=\"text-align: justify;\">\n<li style=\"text-align: left;\"><span style=\"font-family: helvetica, arial, sans-serif; font-size: 12pt;\"><span style=\"color: #ff9900;\">t<\/span><span style=\"color: #ff9900;\" >maska \u200b\u200bima poseban prirodni biolo\u0161ki filter Heds Space Oxygen Production za izdvajanje kisika iz izdahnutog zraka<\/span><\/span><\/li>\n<li style=\"text-align: left;\"><span style=\"font-family: helvetica, arial, sans-serif; font-size: 12pt;\">visokokvalitetna dvoslojna tkanina pru\u017ea sna\u017enu za\u0161titu od prijenosa respiratornih kapljica i patogena iz okoli\u0161a<\/span><\/li>\n<li style=\"text-align: left;\"><span style=\"font-family: helvetica, arial, sans-serif; font-size: 12pt;\">poseban unutarnji d\u017eep za zamjenjivi biolo\u0161ki filter s formulom HSOP, za dobivanje kisika iz izdahnutog CO2<\/span><\/li>\n<li style=\"text-align: left;\"><span style=\"color: #ff9900; font-family: helvetica, arial, sans-serif; font-size: 12pt;\">isporu\u010duje se s 1 komadom biolo\u0161kog filtera s HSOP formulom koji se aktivira izdahnutim zrakom<\/span><\/li>\n<li style=\"text-align: left;\"><span style=\"font-family: helvetica, arial, sans-serif; font-size: 12pt;\">biolo\u0161ki filter s HSOP formulom sadr\u017ei isklju\u010divo prirodne sastojke, 100% siguran za svakodnevnu upotrebu<\/span><\/li>\n<li style=\"text-align: left;\"><span style=\"font-family: helvetica, arial, sans-serif; font-size: 12pt;\">maska \u200b\u200bza vi\u0161ekratnu upotrebu<\/span><\/li>\n<li style=\"text-align: left;\"><span style=\"font-family: helvetica, arial, sans-serif; font-size: 12pt;\">dostupne veli\u010dine S,M,L<\/span><\/li>\n<li style=\"text-align: left;\"><span style=\"font-family: helvetica, arial, sans-serif; font-size: 12pt;\">mogu\u0107nost kupnje dodatnih biolo\u0161kih filtara koji sadr\u017ee HSOP formulu<\/span><\/li>\n<li style=\"text-align: left;\"><span style=\"font-family: helvetica, arial, sans-serif; font-size: 12pt;\">rok trajanja biolo\u0161kog filtera koji sadr\u017ei HSOP formulu je 3 do 6 mjeseci uz normalnu upotrebu<\/span><\/li>\n<li style=\"text-align: left;\"><span style=\"font-family: helvetica, arial, sans-serif; font-size: 12pt;\">tkanina: 100% pamuk<\/span><\/li>\n<li style=\"text-align: left;\"><span style=\"font-family: helvetica, arial, sans-serif; font-size: 12pt;\">posjeduje certifikat SIST TS 1200 za osobnu za\u0161titnu opremu za polumaske<\/span><\/li>\n<\/ul>\n<p>&nbsp;<\/p>\n<p style=\"text-align: justify;\"><span style=\"font-family: helvetica, arial, sans-serif; font-size: 12pt;\">Proizvod je rezultat istra\u017eivanja europskog istra\u017eiva\u010da i inovatora Zorana Dernov\u0161eka iz Slovenije. Generalni prodajni predstavnik: Rens Vit d.o.o., Slovenija. Proizvedeno u EU.<\/span><\/p>\n<p>&nbsp;<\/p>\n<p style=\"text-align: justify;\"><span style=\"font-family: helvetica, arial, sans-serif; font-size: 12pt;\"><em><em>Sve RENS formule izra\u0111ene su od 100% prirodnih sastojaka biljnog podrijetla, prema HACCP protokolu, u kontroliranom okru\u017eenju.<\/em> <em>Za vi\u0161e informacija o proizvodima i njihovoj upotrebi pi\u0161ite na <\/em><\/em><em><span style=\"color: #008000;\"  ><a style=\"color: #008000;\"   href=\"mailto: info@rensnaturals.eu\">info@rensnaturals.eu.<\/a><\/span><\/em><\/span><\/p>\n<h5 style=\"text-align: justify;\"><span style=\"color: #008000; font-family: helvetica, arial, sans-serif;\"><strong><span style=\"font-size: 14pt;\">Ograni\u010denje odgovornosti<\/span><\/strong><\/span><\/h5>\n<p style=\"text-align: justify;\"><span style=\"font-family: helvetica, arial, sans-serif; font-size: 12pt;\">Iako \u010dinimo sve napore kako bismo osigurali to\u010dnost slika i informacija o proizvodu na web stranici, s vremena na vrijeme mo\u017ee do\u0107i do nekih a\u017euriranja pakiranja, no informacije na web stranici jo\u0161 nisu a\u017eurirane. Iako se proizvodi povremeno \u0161alju u alternativnom pakiranju, zajam\u010deno je da \u0107e svje\u017eina, sastojci i cjelovitost proizvoda biti isti kao u primarnom pakiranju. Prije uporabe proizvoda svakako pro\u010ditajte upute i upozorenja proizvo\u0111a\u010da na pakiranju i nemojte se oslanjati samo na informacije na web stranici.<\/span><\/p>","protected":false},"excerpt":{"rendered":"<p>Rensnaturals\u00ae\u00a0 RENS washable PPM A face mask, sizes S, M, L &nbsp; Comfortable two-layer cotton washable face mask, additional natural biological filter with a special formula for obtaining oxygen from exhaled air. The face mask offers strong protection against environmental pathogens (viruses, bacteria, mold). With the help of exhaled air, it has a disinfectant effect. The microclimate created under the mask offers greater comfort, even with prolonged use of the mask. &nbsp; the mask has a special Heds Space Oxygen Production natural biological filter for extracting oxygen from exhaled air high-quality two-layer fabric offers strong protection against the transmission of respiratory droplets and pathogens from the environment a special inner pocket for a replaceable biological filter with the formula of HSOP, to obtain oxygen from exhaled CO2 supplied with 1 [&hellip;]<\/p>","protected":false},"featured_media":12486,"comment_status":"open","ping_status":"closed","template":"","meta":{"spay_email":"","_expiration-date-status":"","_expiration-date":0,"_expiration-date-type":"","_expiration-date-categories":[],"_expiration-date-options":[]},"yoast_head":"<!-- This site is optimized with the Yoast SEO plugin v15.9 - https:\/\/yoast.com\/wordpress\/plugins\/seo\/ -->\n<title>RENS washable PPM A face mask, with special formula for obtaining oxygen - Rensnaturals<\/title>\n<meta name=\"robots\"  content=\"index, follow, max-snippet:-1, max-image-preview:large, max-video-preview:-1\" \/>\n<link rel=\"canonical\"  href=\"https:\/\/en.rensnaturals.eu\/hr\/products\/rens-washable-ppm-a-face-mask\/\" \/>\n<meta property=\"og:locale\"  content=\"hr_HR\" \/>\n<meta property=\"og:type\"  content=\"article\" \/>\n<meta property=\"og:title\"  content=\"RENS washable PPM A face mask, with special formula for obtaining oxygen - Rensnaturals\" \/>\n<meta property=\"og:description\"  content=\"Rensnaturals\u00ae\u00a0 RENS washable PPM A face mask, sizes S, M, L &nbsp; Comfortable two-layer cotton washable face mask, additional natural biological filter with a special formula for obtaining oxygen from exhaled air. The face mask offers strong protection against environmental pathogens (viruses, bacteria, mold). With the help of exhaled air, it has a disinfectant effect. The microclimate created under the mask offers greater comfort, even with prolonged use of the mask. &nbsp; the mask has a special Heds Space Oxygen Production natural biological filter for extracting oxygen from exhaled air high-quality two-layer fabric offers strong protection against the transmission of respiratory droplets and pathogens from the environment a special inner pocket for a replaceable biological filter with the formula of HSOP, to obtain oxygen from exhaled CO2 supplied with 1 [&hellip;]\" \/>\n<meta property=\"og:url\"  content=\"https:\/\/en.rensnaturals.eu\/hr\/products\/rens-washable-ppm-a-face-mask\/\" \/>\n<meta property=\"og:site_name\" content=\"Rensnaturals\" \/>\n<meta property=\"article:modified_time\"  content=\"2024-10-20T21:17:27+00:00\" \/>\n<meta property=\"og:image\"  content=\"https:\/\/i1.wp.com\/en.rensnaturals.eu\/wp-content\/uploads\/2021\/01\/maska-1-e1612296274922-360x204-1.png?fit=360%2C204&#038;ssl=1\" \/>\n\t<meta property=\"og:image:width\" content=\"360\" \/>\n\t<meta property=\"og:image:height\" content=\"204\" \/>\n<meta name=\"twitter:card\" content=\"summary_large_image\" \/>\n<meta name=\"twitter:label1\" content=\"Procijenjeno vrijeme \u010ditanja\">\n\t<meta name=\"twitter:data1\"  content=\"2 minute\">\n<script type=\"application\/ld+json\"  class=\"yoast-schema-graph\">{\"@context\":\"https:\/\/schema.org\",\"@graph\":[{\"@type\":\"WebSite\",\"@id\":\"https:\/\/en.rensnaturals.eu\/#website\",\"url\":\"https:\/\/en.rensnaturals.eu\/\",\"name\":\"Rensnaturals\",\"description\":\"\",\"potentialAction\":[{\"@type\":\"SearchAction\",\"target\":\"https:\/\/en.rensnaturals.eu\/?s={search_term_string}\",\"query-input\":\"required name=search_term_string\"}],\"inLanguage\":\"hr\"},{\"@type\":\"ImageObject\",\"@id\":\"https:\/\/en.rensnaturals.eu\/products\/rens-washable-ppm-a-face-mask\/#primaryimage\",\"inLanguage\":\"hr\",\"url\":\"https:\/\/i1.wp.com\/en.rensnaturals.eu\/wp-content\/uploads\/2021\/01\/maska-1-e1612296274922-360x204-1.png?fit=360%2C204&ssl=1\",\"width\":360,\"height\":204},{\"@type\":\"WebPage\",\"@id\":\"https:\/\/en.rensnaturals.eu\/products\/rens-washable-ppm-a-face-mask\/#webpage\",\"url\":\"https:\/\/en.rensnaturals.eu\/products\/rens-washable-ppm-a-face-mask\/\",\"name\":\"RENS washable PPM A face mask, with special formula for obtaining oxygen - Rensnaturals\",\"isPartOf\":{\"@id\":\"https:\/\/en.rensnaturals.eu\/#website\"},\"primaryImageOfPage\":{\"@id\":\"https:\/\/en.rensnaturals.eu\/products\/rens-washable-ppm-a-face-mask\/#primaryimage\"},\"datePublished\":\"2021-01-04T23:09:00+00:00\",\"dateModified\":\"2024-10-20T21:17:27+00:00\",\"breadcrumb\":{\"@id\":\"https:\/\/en.rensnaturals.eu\/products\/rens-washable-ppm-a-face-mask\/#breadcrumb\"},\"inLanguage\":\"hr\",\"potentialAction\":[{\"@type\":\"ReadAction\",\"target\":[\"https:\/\/en.rensnaturals.eu\/products\/rens-washable-ppm-a-face-mask\/\"]}]},{\"@type\":\"BreadcrumbList\",\"@id\":\"https:\/\/en.rensnaturals.eu\/products\/rens-washable-ppm-a-face-mask\/#breadcrumb\",\"itemListElement\":[{\"@type\":\"ListItem\",\"position\":1,\"item\":{\"@type\":\"WebPage\",\"@id\":\"https:\/\/en.rensnaturals.eu\/\",\"url\":\"https:\/\/en.rensnaturals.eu\/\",\"name\":\"Home\"}},{\"@type\":\"ListItem\",\"position\":2,\"item\":{\"@type\":\"WebPage\",\"@id\":\"https:\/\/en.rensnaturals.eu\/products\/\",\"url\":\"https:\/\/en.rensnaturals.eu\/products\/\",\"name\":\"Products\"}},{\"@type\":\"ListItem\",\"position\":3,\"item\":{\"@type\":\"WebPage\",\"@id\":\"https:\/\/en.rensnaturals.eu\/products\/rens-washable-ppm-a-face-mask\/\",\"url\":\"https:\/\/en.rensnaturals.eu\/products\/rens-washable-ppm-a-face-mask\/\",\"name\":\"RENS washable PPM A face mask, with special formula for obtaining oxygen\"}}]}]}<\/script>\n<!-- \/ Yoast SEO plugin. -->","_links":{"self":[{"href":"https:\/\/en.rensnaturals.eu\/hr\/wp-json\/wp\/v2\/product\/12101"}],"collection":[{"href":"https:\/\/en.rensnaturals.eu\/hr\/wp-json\/wp\/v2\/product"}],"about":[{"href":"https:\/\/en.rensnaturals.eu\/hr\/wp-json\/wp\/v2\/types\/product"}],"replies":[{"embeddable":true,"href":"https:\/\/en.rensnaturals.eu\/hr\/wp-json\/wp\/v2\/comments?post=12101"}],"wp:featuredmedia":[{"embeddable":true,"href":"https:\/\/en.rensnaturals.eu\/hr\/wp-json\/wp\/v2\/media\/12486"}],"wp:attachment":[{"href":"https:\/\/en.rensnaturals.eu\/hr\/wp-json\/wp\/v2\/media?parent=12101"}],"curies":[{"name":"wp","href":"https:\/\/api.w.org\/{rel}","templated":true}]}}