{"id":12092,"date":"2021-02-04T22:13:00","date_gmt":"2021-02-04T21:13:00","guid":{"rendered":"https:\/\/www.rensnaturals.eu\/?post_type=product&#038;p=12092"},"modified":"2024-10-20T23:19:13","modified_gmt":"2024-10-20T21:19:13","slug":"rens-h-b-beauty-cream","status":"publish","type":"product","link":"https:\/\/en.rensnaturals.eu\/hr\/products\/rens-h-b-beauty-cream\/","title":{"rendered":"RENS H B, krema protiv bora"},"content":{"rendered":"<h5 style=\"text-align: justify;\" ><\/h5>\n<h5 style=\"text-align: justify;\"><span style=\"color: #008000; font-size: 14pt; font-family: helvetica, arial, sans-serif;\"><strong><em>Rensnaturals\u00ae RENS H B, <\/em>Beauty krema za izgla\u0111ivanje bora<\/strong><\/span><\/h5>\n<p>&nbsp;<\/p>\n<p style=\"text-align: justify;\"><span style=\"color: #ff9900; font-family: helvetica, arial, sans-serif; font-size: 12pt;\"><strong>Osnovna RENS H formula u Beauty kremi za izgla\u0111ivanje bora<\/strong>. Koristi se za svakodnevnu njegu starije ko\u017ee te nakon sun\u010danja ili drugog stresa ko\u017ee. Blagotvorno djeluje na zagla\u0111ivanje bora na ko\u017ei. Ko\u017eu ugodno aromatizira mirisom \u010dokolade.<\/span><\/p>\n<p>&nbsp;<\/p>\n<ul>\n<li style=\"text-align: justify;\"><span style=\"text-decoration: underline; font-family: helvetica, arial, sans-serif; font-size: 12pt;\">krema koja sadr\u017ei formulu RENS H, isklju\u010divo za vanjsku povr\u0161insku primjenu<\/span><\/li>\n<li style=\"text-align: justify;\"><span style=\"font-family: helvetica, arial, sans-serif; font-size: 12pt;\">prirodni ekstrakti zelenih, plavih i crvenih algi i biljnog klorofila, u jestivom organskom kokosovom ulju<\/span><\/li>\n<li style=\"text-align: justify;\"><span style=\"font-family: helvetica, arial, sans-serif; font-size: 12pt;\">dodan kakao i shea maslac<\/span><\/li>\n<li style=\"text-align: justify;\"><span style=\"color: #ff9900; font-family: helvetica, arial, sans-serif; font-size: 12pt;\"><strong>podr\u017eava prirodne procese zacjeljivanja i regeneracije tkiva<\/strong><\/span><\/li>\n<li><span style=\"font-family: helvetica, arial, sans-serif; font-size: 12pt;\">tako\u0111er pogodan za vegetarijance i vegane<\/span><\/li>\n<li><span style=\"font-family: helvetica, arial, sans-serif; font-size: 12pt;\">proizvod ne sadr\u017ei GMO, gluten, kazein, soju<\/span><\/li>\n<li><span style=\"font-family: helvetica, arial, sans-serif; font-size: 12pt;\">proizvedeno prema HACCP protokolu, u kontroliranom okru\u017eenju.<\/span><\/li>\n<li><span style=\"font-family: helvetica, arial, sans-serif; font-size: 12pt;\">30 dana prodajne garancije na zadovoljstvo proizvodom<\/span><\/li>\n<\/ul>\n<p>&nbsp;<\/p>\n<p style=\"text-align: justify;\"><span style=\"font-family: helvetica, arial, sans-serif; font-size: 12pt;\"><strong><span style=\"color: #008000;\">Prir<\/span><span style=\"color: #008000;\" >odno uzgojene alge poznate su po svojim prirodnim u\u010dincima detoksikacije i dezinfekcije i koriste se stolje\u0107ima.<\/span><\/strong> Suvremena istra\u017eivanja pokazuju da alge mogu u\u010dinkovito pomo\u0107i u prirodnim procesima uklanjanja nakupljenih toksina i otrovnih metala iz va\u0161eg tijela, te tako podr\u017eati procese ozdravljenja i regeneracije tijela.<\/span><\/p>\n<p>&nbsp;<\/p>\n<p style=\"text-align: justify;\"><span style=\"font-family: helvetica, arial, sans-serif; font-size: 12pt;\">Proizvod je rezultat istra\u017eivanja europskog istra\u017eiva\u010da i inovatora Zorana Dernov\u0161eka iz Slovenije. Generalni prodajni predstavnik: Rens Vit d.o.o., Slovenija. Proizvedeno u EU.<\/span><\/p>\n<h5 style=\"text-align: justify;\"><span style=\"color: #008000; font-family: helvetica, arial, sans-serif;\"><strong><span style=\"font-size: 14pt;\">Preporu\u010dena upotreba<\/span><\/strong><\/span><\/h5>\n<p style=\"text-align: justify;\"><span style=\"font-family: helvetica, arial, sans-serif; font-size: 12pt;\"><strong><span style=\"color: #ff9900;\">Preporu\u010dena dnevna uporaba i doziranje, za preventivnu primjenu:<\/span><\/strong><\/span><\/p>\n<ul style=\"text-align: justify;\">\n<li><span style=\"font-family: helvetica, arial, sans-serif; font-size: 12pt;\" >Preporu\u010dena dnevna uporaba za djecu, adolescente ili odrasle ne smije prekriti vi\u0161e od 15% povr\u0161ine ko\u017ee<\/span><\/li>\n<li><span style=\"font-family: helvetica, arial, sans-serif; font-size: 12pt;\">dopu\u0161tena uporaba ne vi\u0161e od 2 puta dnevno, otprilike svakih 12 sati<\/span><\/li>\n<\/ul>\n<p style=\"text-align: justify;\"><span style=\"font-family: helvetica, arial, sans-serif; font-size: 12pt;\">Sastojke u kremi treba dobro izmije\u0161ati, \u0161to se vidi po tamnijoj boji kreme. Kremu treba \u010duvati na hladnom mjestu, do 25 stupnjeva Celzijevih. Nakon prvog kori\u0161tenja kremu se preporu\u010duje \u010duvati u hladnjaku. Ako se \u010duva na previsokim temperaturama, krema mo\u017ee postati teku\u0107a, pa kremu prije ponovne upotrebe treba dobro protresti i staviti u zamrziva\u010d na 20-30 minuta da se ponovno u\u010dvrsti.<\/span><\/p>\n<h5 style=\"text-align: justify;\"><span style=\"color: #008000; font-family: helvetica, arial, sans-serif;\"><strong><span style=\"font-size: 14pt;\">Sastojci<\/span><\/strong><\/span><\/h5>\n<h6 style=\"text-align: justify;\"><span style=\"font-family: helvetica, arial, sans-serif; font-size: 12pt; color: #333333;\">Glavni sastojci<\/span><\/h6>\n<ul style=\"text-align: justify;\">\n<li><span style=\"font-family: helvetica, arial, sans-serif; font-size: 12pt;\" >zelene alge i njihovi ekstrakti<\/span><\/li>\n<li><span style=\"font-family: helvetica, arial, sans-serif; font-size: 12pt;\">plave alge i njihovi ekstrakti<\/span><\/li>\n<li><span style=\"font-family: helvetica, arial, sans-serif; font-size: 12pt;\">crvene alge i njihovi ekstrakti<\/span><\/li>\n<li><span style=\"font-family: helvetica, arial, sans-serif; font-size: 12pt;\" >prirodni biljni klorofil<\/span><\/li>\n<\/ul>\n<h6 style=\"text-align: justify;\"><span style=\"font-family: helvetica, arial, sans-serif; font-size: 12pt; color: #333333;\">Drugi sastojci<\/span><\/h6>\n<ul style=\"text-align: justify;\">\n<li><span style=\"font-family: helvetica, arial, sans-serif; font-size: 12pt;\">jestivo organsko kokosovo ulje<\/span><\/li>\n<li><span style=\"font-family: helvetica, arial, sans-serif; font-size: 12pt;\">kakao maslac<\/span><\/li>\n<li><span style=\"font-family: helvetica, arial, sans-serif; font-size: 12pt;\">shea maslac<\/span><\/li>\n<\/ul>\n<p>&nbsp;<\/p>\n<p style=\"text-align: justify;\"><span style=\"font-family: helvetica, arial, sans-serif; font-size: 12pt;\"><em>Sve RENS formule izra\u0111ene su od 100% prirodnih sastojaka biljnog podrijetla, prema HACCP protokolu, u kontroliranom okru\u017eenju.<\/em><\/span><\/p>\n<h5 style=\"text-align: justify;\"><span style=\"color: #008000; font-family: helvetica, arial, sans-serif;\"><strong><span style=\"font-size: 14pt;\">Obavijest<\/span><\/strong><\/span><\/h5>\n<p style=\"text-align: justify;\"><span style=\"font-family: helvetica, arial, sans-serif; font-size: 12pt;\">RENS krema se koristi prema uputama. <span style=\"text-decoration: underline;\">Preporu\u010dena dnevna upotreba ne smije se prekora\u010diti.<\/span><\/span><\/p>\n<p style=\"text-align: justify;\"><span style=\"font-family: helvetica, arial, sans-serif; font-size: 12pt;\">\u010cuvati na temperaturi do 25 stupnjeva Celzija, \u010duvati izvan dohvata djece. Prije uporabe RENS krema, mo\u017eete se posavjetovati sa svojim lije\u010dnikom, farmaceutom, naturopatom ili drugim kvalificiranim zdravstvenim djelatnikom. Nepravilno skladi\u0161tenje, kao \u0161to je dugotrajno izlaganje izravnoj sun\u010devoj svjetlosti ili toplini, mo\u017ee uzrokovati neupotrebljivost bazne kreme, a time i neupotrebljivost proizvoda.<\/span><\/p>\n<p style=\"text-align: justify;\"><span style=\"font-family: helvetica, arial, sans-serif; font-size: 12pt;\"><em>Za vi\u0161e informacija o proizvodima i njihovoj upotrebi pi\u0161ite na <span style=\"color: #008000;\"><a style=\"color: #008000;\"   href=\"mailto: info@rensnaturals.eu\">info@rensnaturals.eu.<\/a><\/span><\/em><\/span><\/p>\n<h5 style=\"text-align: justify;\"><span style=\"color: #008000; font-family: helvetica, arial, sans-serif;\"><strong><span style=\"font-size: 14pt;\">Ograni\u010denje odgovornosti<\/span><\/strong><\/span><\/h5>\n<p style=\"text-align: justify;\"><span style=\"font-family: helvetica, arial, sans-serif; font-size: 12pt;\">Iako \u010dinimo sve napore kako bismo osigurali to\u010dnost slika i informacija o proizvodu na web stranici, s vremena na vrijeme mo\u017ee do\u0107i do nekih a\u017euriranja pakiranja, no informacije na web stranici jo\u0161 nisu a\u017eurirane. Iako se proizvodi povremeno \u0161alju u alternativnom pakiranju, zajam\u010deno je da \u0107e svje\u017eina, sastojci i cjelovitost proizvoda biti isti kao u primarnom pakiranju. Prije uporabe proizvoda svakako pro\u010ditajte upute i upozorenja proizvo\u0111a\u010da na pakiranju i nemojte se oslanjati samo na informacije na web stranici.<\/span><\/p>\n<p>&nbsp;<\/p>\n<p style=\"text-align: justify;\"><span style=\"font-family: helvetica, arial, sans-serif; font-size: 12pt;\"><em><strong>RENS kreme nisu lijek. U slu\u010daju da se odlu\u010dite koristiti kreme kao potporu prirodnim oblicima lije\u010denja, prije uporabe proizvoda potrebno je konzultirati se s kvalificiranim stru\u010dnjakom!<\/strong><\/em><\/span><\/p>","protected":false},"excerpt":{"rendered":"<p>Rensnaturals\u00ae RENS H B, Beauty wrinkle smoothing cream &nbsp; Basic RENS H formula in Beauty wrinkle smoothing cream. It is used for daily care of aged skin and after sunbathing or other skin stress. It has a beneficial effect on smoothing skin wrinkles. It pleasantly scents the skin with the smell of chocolate. &nbsp; cream containing the formula RENS H, exclusively for external surface application natural extracts of green, blue and red algae and plant chlorophyll, in edible organic coconut oil added cocoa and shea butter supports the natural processes of tissue healing and regeneration also suitable for vegetarians &amp; vegans the product does not contain GMOs, gluten, casein, soy manufactured according to the HACCP protocol, in a controlled environment 30 day sales guarantee on product satisfaction &nbsp; Naturally grown [&hellip;]<\/p>","protected":false},"featured_media":12054,"comment_status":"open","ping_status":"closed","template":"","meta":{"spay_email":"","_expiration-date-status":"","_expiration-date":0,"_expiration-date-type":"","_expiration-date-categories":[],"_expiration-date-options":[]},"yoast_head":"<!-- This site is optimized with the Yoast SEO plugin v15.9 - https:\/\/yoast.com\/wordpress\/plugins\/seo\/ -->\n<title>RENS H B, Beauty cream - Rensnaturals<\/title>\n<meta name=\"description\"  content=\"Basic RENS H formula in Beauty wrinkle smoothing cream. It is used for daily care of aged skin and after sunbathing or other skin stress.\" \/>\n<meta name=\"robots\"  content=\"index, follow, max-snippet:-1, max-image-preview:large, max-video-preview:-1\" \/>\n<link rel=\"canonical\"  href=\"https:\/\/en.rensnaturals.eu\/hr\/products\/rens-h-b-beauty-cream\/\" \/>\n<meta property=\"og:locale\"  content=\"hr_HR\" \/>\n<meta property=\"og:type\"  content=\"article\" \/>\n<meta property=\"og:title\"  content=\"RENS H B, Beauty cream - Rensnaturals\" \/>\n<meta property=\"og:description\"  content=\"Basic RENS H formula in Beauty wrinkle smoothing cream. It is used for daily care of aged skin and after sunbathing or other skin stress.\" \/>\n<meta property=\"og:url\"  content=\"https:\/\/en.rensnaturals.eu\/hr\/products\/rens-h-b-beauty-cream\/\" \/>\n<meta property=\"og:site_name\" content=\"Rensnaturals\" \/>\n<meta property=\"article:modified_time\"  content=\"2024-10-20T21:19:13+00:00\" \/>\n<meta property=\"og:image\"  content=\"https:\/\/i2.wp.com\/en.rensnaturals.eu\/wp-content\/uploads\/2021\/01\/H-S-copy.png?fit=270%2C292&#038;ssl=1\" \/>\n\t<meta property=\"og:image:width\" content=\"270\" \/>\n\t<meta property=\"og:image:height\" content=\"292\" \/>\n<meta name=\"twitter:card\" content=\"summary_large_image\" \/>\n<meta name=\"twitter:label1\" content=\"Procijenjeno vrijeme \u010ditanja\">\n\t<meta name=\"twitter:data1\"  content=\"3 minute\">\n<script type=\"application\/ld+json\"  class=\"yoast-schema-graph\">{\"@context\":\"https:\/\/schema.org\",\"@graph\":[{\"@type\":\"WebSite\",\"@id\":\"https:\/\/en.rensnaturals.eu\/#website\",\"url\":\"https:\/\/en.rensnaturals.eu\/\",\"name\":\"Rensnaturals\",\"description\":\"\",\"potentialAction\":[{\"@type\":\"SearchAction\",\"target\":\"https:\/\/en.rensnaturals.eu\/?s={search_term_string}\",\"query-input\":\"required name=search_term_string\"}],\"inLanguage\":\"hr\"},{\"@type\":\"ImageObject\",\"@id\":\"https:\/\/en.rensnaturals.eu\/products\/rens-h-b-beauty-cream\/#primaryimage\",\"inLanguage\":\"hr\",\"url\":\"https:\/\/i2.wp.com\/en.rensnaturals.eu\/wp-content\/uploads\/2021\/01\/H-S-copy.png?fit=270%2C292&ssl=1\",\"width\":270,\"height\":292,\"caption\":\"Beauty wrinkle smoothing cream\"},{\"@type\":\"WebPage\",\"@id\":\"https:\/\/en.rensnaturals.eu\/products\/rens-h-b-beauty-cream\/#webpage\",\"url\":\"https:\/\/en.rensnaturals.eu\/products\/rens-h-b-beauty-cream\/\",\"name\":\"RENS H B, Beauty cream - Rensnaturals\",\"isPartOf\":{\"@id\":\"https:\/\/en.rensnaturals.eu\/#website\"},\"primaryImageOfPage\":{\"@id\":\"https:\/\/en.rensnaturals.eu\/products\/rens-h-b-beauty-cream\/#primaryimage\"},\"datePublished\":\"2021-02-04T21:13:00+00:00\",\"dateModified\":\"2024-10-20T21:19:13+00:00\",\"description\":\"Basic RENS H formula in Beauty wrinkle smoothing cream. It is used for daily care of aged skin and after sunbathing or other skin stress.\",\"breadcrumb\":{\"@id\":\"https:\/\/en.rensnaturals.eu\/products\/rens-h-b-beauty-cream\/#breadcrumb\"},\"inLanguage\":\"hr\",\"potentialAction\":[{\"@type\":\"ReadAction\",\"target\":[\"https:\/\/en.rensnaturals.eu\/products\/rens-h-b-beauty-cream\/\"]}]},{\"@type\":\"BreadcrumbList\",\"@id\":\"https:\/\/en.rensnaturals.eu\/products\/rens-h-b-beauty-cream\/#breadcrumb\",\"itemListElement\":[{\"@type\":\"ListItem\",\"position\":1,\"item\":{\"@type\":\"WebPage\",\"@id\":\"https:\/\/en.rensnaturals.eu\/\",\"url\":\"https:\/\/en.rensnaturals.eu\/\",\"name\":\"Home\"}},{\"@type\":\"ListItem\",\"position\":2,\"item\":{\"@type\":\"WebPage\",\"@id\":\"https:\/\/en.rensnaturals.eu\/products\/\",\"url\":\"https:\/\/en.rensnaturals.eu\/products\/\",\"name\":\"Products\"}},{\"@type\":\"ListItem\",\"position\":3,\"item\":{\"@type\":\"WebPage\",\"@id\":\"https:\/\/en.rensnaturals.eu\/products\/rens-h-b-beauty-cream\/\",\"url\":\"https:\/\/en.rensnaturals.eu\/products\/rens-h-b-beauty-cream\/\",\"name\":\"RENS H B, Beauty cream\"}}]}]}<\/script>\n<!-- \/ Yoast SEO plugin. -->","_links":{"self":[{"href":"https:\/\/en.rensnaturals.eu\/hr\/wp-json\/wp\/v2\/product\/12092"}],"collection":[{"href":"https:\/\/en.rensnaturals.eu\/hr\/wp-json\/wp\/v2\/product"}],"about":[{"href":"https:\/\/en.rensnaturals.eu\/hr\/wp-json\/wp\/v2\/types\/product"}],"replies":[{"embeddable":true,"href":"https:\/\/en.rensnaturals.eu\/hr\/wp-json\/wp\/v2\/comments?post=12092"}],"wp:featuredmedia":[{"embeddable":true,"href":"https:\/\/en.rensnaturals.eu\/hr\/wp-json\/wp\/v2\/media\/12054"}],"wp:attachment":[{"href":"https:\/\/en.rensnaturals.eu\/hr\/wp-json\/wp\/v2\/media?parent=12092"}],"curies":[{"name":"wp","href":"https:\/\/api.w.org\/{rel}","templated":true}]}}