{"id":11870,"date":"2021-01-30T19:52:10","date_gmt":"2021-01-30T18:52:10","guid":{"rendered":"https:\/\/www.rensnaturals.eu\/?post_type=product&#038;p=11870"},"modified":"2022-01-27T10:34:23","modified_gmt":"2022-01-27T09:34:23","slug":"rens-hn-plus-for-adults","status":"publish","type":"product","link":"https:\/\/en.rensnaturals.eu\/hr\/products\/rens-hn-plus-for-adults\/","title":{"rendered":"RENS HN+, za odrasle"},"content":{"rendered":"<h5 style=\"text-align: justify;\" ><\/h5>\n<h5 style=\"text-align: justify;\"><span style=\"color: #008000; font-size: 14pt; font-family: helvetica, arial, sans-serif;\"><strong><em>Rensnaturals\u00ae \u00a0<\/em>RENS HN+<\/strong><\/span><\/h5>\n<p>&nbsp;<\/p>\n<ul>\n<li style=\"text-align: justify;\"><span style=\"color: #ff9900; font-family: helvetica, arial, sans-serif; font-size: 12pt;\"><strong>RENS formula za odrasle za daljnju upotrebu.<\/strong> <span style=\"text-decoration: underline;\">Za primjenu u naprednim fazama prirodnog procesa detoksikacije kod osoba koje imaju umjerene gastrointestinalne probleme.<\/span>\u00a0<strong>Formula sadr\u017ei ve\u0107u koncentraciju sastojaka za detoksikaciju.<\/strong> Za odabir odgovaraju\u0107e formule, pro\u010ditajte upute na dnu stranice.<\/span><\/li>\n<li style=\"text-align: left;\"><span style=\"font-family: helvetica, arial, sans-serif; font-size: 12pt;\"><span style=\"text-decoration: underline;\">Prirodni dodatak prehrani<\/span> za brzu detoksikaciju i regeneraciju va\u0161eg tijela<\/span><\/li>\n<li style=\"text-align: left;\"><span style=\"font-family: helvetica, arial, sans-serif; font-size: 12pt;\">prirodni ekstrakti zelenih, plavih i crvenih algi i biljni klorofil, u mje\u0161avini prirodnih biljnih ulja<\/span><\/li>\n<li style=\"text-align: left;\"><span style=\"text-decoration: underline; font-family: helvetica, arial, sans-serif; font-size: 12pt;\">za odrasle, preko 75 kg tjelesne te\u017eine<\/span><\/li>\n<li style=\"text-align: left;\"><span style=\"font-family: helvetica, arial, sans-serif; font-size: 12pt;\"><strong><span style=\"color: #ff9900;\">podr\u017eava prirodne procese detoksikacije i regeneracije tijela<\/span><\/strong><\/span><\/li>\n<li style=\"text-align: left;\"><span style=\"font-family: helvetica, arial, sans-serif; font-size: 12pt;\">tako\u0111er pogodan za vegetarijance i vegane<\/span><\/li>\n<li style=\"text-align: left;\"><span style=\"font-family: helvetica, arial, sans-serif; font-size: 12pt;\">proizvod ne sadr\u017ei GMO, gluten, kazein, soju<\/span><\/li>\n<li style=\"text-align: left;\"><span style=\"font-family: helvetica, arial, sans-serif; font-size: 12pt;\">proizvedeno prema HACCP protokolu, u kontroliranom okru\u017eenju.<\/span><\/li>\n<li style=\"text-align: left;\"><span style=\"font-family: helvetica, arial, sans-serif; font-size: 12pt;\">30 dana prodajne garancije na zadovoljstvo proizvodom<\/span><\/li>\n<\/ul>\n<p>&nbsp;<\/p>\n<p style=\"text-align: justify;\"><span style=\"font-family: helvetica, arial, sans-serif; font-size: 12pt;\"><span style=\"color: #008000;\"><strong>Prirodno uzgojene alge poznate su po svojim prirodnim u\u010dincima detoksikacije i dezinfekcije te se koriste stolje\u0107ima.<\/strong><\/span>\u00a0Suvremena istra\u017eivanja pokazuju da alge tako\u0111er mogu u\u010dinkovito pomo\u0107i u prirodnim procesima uklanjanja nakupljenih toksina i otrovnih metala iz tijela.\u00a0<em><strong>U obliku prirodnog dodatka prehrani djeluju kao prirodni katalizator koji poma\u017ee tijelu da uspostavi svoju primarnu funkciju detoksikacije.<\/strong><\/em>\u00a0Djeluju kroz oksigenaciju, alkalizaciju i pro\u010di\u0161\u0107avanje tijela, \u0161to je op\u0107enito poznato kao \"detoksikacija tijela ili detox\".<\/span><\/p>\n<p style=\"text-align: justify;\"><span style=\"font-family: helvetica, arial, sans-serif; font-size: 12pt;\">Proizvod je rezultat istra\u017eivanja europskog istra\u017eiva\u010da i inovatora Zorana Dernov\u0161eka iz Slovenije. Generalni prodajni predstavnik: Rens Vit d.o.o., Slovenija. Proizvedeno u EU.<\/span><\/p>\n<h5 style=\"text-align: justify;\"><span style=\"color: #008000; font-family: helvetica, arial, sans-serif;\"><strong><span style=\"font-size: 14pt;\">Preporu\u010dena upotreba<\/span><\/strong><\/span><\/h5>\n<p style=\"text-align: justify;\"><span style=\"font-family: helvetica, arial, sans-serif; font-size: 12pt;\"><strong><span style=\"color: #ff9900;\">Preporu\u010dena dnevna doza za preventivnu upotrebu kod odraslih, preko 75 kg tjelesne te\u017eine, je 1 kap na svakih 28 kg tjelesne te\u017eine.<\/span>\u00a0<\/strong>Dnevna doza se nanosi na desni ili pod jezik.<\/span><\/p>\n<p style=\"text-align: justify;\"><span style=\"font-family: helvetica, arial, sans-serif; font-size: 12pt;\">Prije svake upotrebe bo\u010dicu dobro protresite. Napravite kap na prst i utrljajte je u desni. Ako kapi nisu tamne, bo\u010dicu treba dodatno protresti da se sastojci dobro promije\u0161aju. Boca od 10 ml sadr\u017ei cca. 200 kapi za doziranje.<\/span><\/p>\n<h5 style=\"text-align: justify;\"><span style=\"color: #008000; font-family: helvetica, arial, sans-serif;\"><strong><span style=\"font-size: 14pt;\">Sastojci<\/span><\/strong><\/span><\/h5>\n<h6 style=\"text-align: justify;\"><span style=\"font-family: helvetica, arial, sans-serif; font-size: 12pt; color: #333333;\">Glavni sastojci<\/span><\/h6>\n<ul style=\"text-align: justify;\">\n<li><span style=\"font-family: helvetica, arial, sans-serif; font-size: 12pt;\" >zelene alge i njihovi ekstrakti<\/span><\/li>\n<li><span style=\"font-family: helvetica, arial, sans-serif; font-size: 12pt;\" >plave alge i njihovi ekstrakti<\/span><\/li>\n<li><span style=\"font-family: helvetica, arial, sans-serif; font-size: 12pt;\">crvene alge i njihovi ekstrakti<\/span><\/li>\n<li><span style=\"font-family: helvetica, arial, sans-serif; font-size: 12pt;\" >prirodni biljni klorofil<\/span><\/li>\n<\/ul>\n<h6 style=\"text-align: justify;\"><span style=\"font-family: helvetica, arial, sans-serif; font-size: 12pt; color: #333333;\">Drugi sastojci<\/span><\/h6>\n<ul style=\"list-style-type: disc; text-align: justify;\">\n<li><span style=\"font-family: helvetica, arial, sans-serif; font-size: 12pt;\">mje\u0161avina prirodnih biljnih ulja<\/span><\/li>\n<\/ul>\n<p>&nbsp;<\/p>\n<p style=\"text-align: justify;\"><span style=\"font-family: helvetica, arial, sans-serif; font-size: 12pt;\"><em>Sve RENS formule izra\u0111ene su od 100% prirodnih sastojaka biljnog podrijetla, prema HACCP protokolu, u kontroliranom okru\u017eenju.<\/em><\/span><\/p>\n<h5 style=\"text-align: justify;\"><span style=\"color: #008000; font-family: helvetica, arial, sans-serif;\"><strong><span style=\"font-size: 14pt;\">Obavijest<\/span><\/strong><\/span><\/h5>\n<p style=\"text-align: justify;\"><span style=\"font-family: helvetica, arial, sans-serif; font-size: 12pt;\">Primjena RENS dodataka prehrani namijenjena je u preventivne svrhe.\u00a0<span style=\"text-decoration: underline;\">Preporu\u010dene dnevne doze ne smiju se prekora\u010diti.<\/span>\u00a0Dodatak prehrani nije zamjena za uravnote\u017eenu i raznoliku prehranu i zdrav na\u010din \u017eivota.<\/span><\/p>\n<p style=\"text-align: justify;\"><span style=\"font-family: helvetica, arial, sans-serif; font-size: 12pt;\">\u010cuvati na sobnoj temperaturi, izvan dohvata djece. Prije uporabe dodataka prehrani mo\u017eete se posavjetovati sa svojim lije\u010dnikom, ljekarnikom, naturopatom ili nekim drugim kvalificiranim zdravstvenim djelatnikom. Nepravilno skladi\u0161tenje, kao \u0161to je dugotrajno izlaganje izravnoj sun\u010devoj svjetlosti ili toplini, mo\u017ee uzrokovati da bazno ulje postane u\u017eeglo i time proizvod postane neupotrebljiv.<\/span><\/p>\n<p style=\"text-align: justify;\"><span style=\"font-family: helvetica, arial, sans-serif; font-size: 12pt;\"><em>Za vi\u0161e informacija o proizvodima i njihovoj upotrebi pi\u0161ite na <span style=\"color: #008000;\"><a style=\"color: #008000;\"   href=\"mailto: info@rensnaturals.eu\">info@rensnaturals.eu.<\/a><\/span><\/em><\/span><\/p>\n<h5 style=\"text-align: justify;\"><span style=\"color: #008000; font-family: helvetica, arial, sans-serif;\"><strong><span style=\"font-size: 14pt;\">Ograni\u010denje odgovornosti<\/span><\/strong><\/span><\/h5>\n<p style=\"text-align: justify;\"><span style=\"font-family: helvetica, arial, sans-serif; font-size: 12pt;\">Iako \u010dinimo sve napore kako bismo osigurali to\u010dnost slika i informacija o proizvodu na web stranici, s vremena na vrijeme mo\u017ee do\u0107i do nekih a\u017euriranja pakiranja, no informacije na web stranici jo\u0161 nisu a\u017eurirane. Iako se proizvodi povremeno \u0161alju u alternativnom pakiranju, zajam\u010deno je da \u0107e svje\u017eina, sastojci i cjelovitost proizvoda biti isti kao u primarnom pakiranju. Prije uporabe proizvoda svakako pro\u010ditajte upute i upozorenja proizvo\u0111a\u010da na pakiranju i nemojte se oslanjati samo na informacije na web stranici.<\/span><\/p>\n<p>&nbsp;<\/p>\n<p style=\"text-align: justify;\"><span style=\"font-family: helvetica, arial, sans-serif; font-size: 12pt;\"><em><strong>RENS dodaci prehrani nisu lijek. U slu\u010daju da odlu\u010dite koristiti suplemente kao podr\u0161ku protokolima biomedicinske detoksikacije, npr. kod autizma\u2026, prije uporabe proizvoda obavezno se konzultirati s kvalificiranim stru\u010dnjakom!<\/strong><\/em><\/span><\/p>\n<p>&nbsp;<\/p>\n<h5 style=\"text-align: left;\"><span style=\"color: #ff9900; font-family: helvetica, arial, sans-serif;\"><strong><span style=\"font-size: 14pt;\">* Mo\u017eete provjeriti koja je RENS formula prava za vas <span style=\"color: #339966;\"><a style=\"color: #339966;\"   href=\"https:\/\/en.rensnaturals.eu\/hr\/which-rens-formula-is-right-for-you\/\">OVDJE<\/a><\/span><\/span><\/strong><\/span><\/h5>","protected":false},"excerpt":{"rendered":"<p>Rensnaturals\u00ae \u00a0RENS HN+ &nbsp; RENS formula for adults for further use. For use in the advanced stages of the natural detoxification process in persons who have moderate gastrointestinal problems.\u00a0The formula contains a higher concentration of detoxification ingredients. To select the appropriate RENS formula, read the instructions at the bottom of the page. a natural food supplement for rapid detoxification and regeneration of your body natural extracts of green, blue and red algae and vegetable chlorophyll, in a mixture of natural vegetable oils for adults, over 75 kg body weight supports the body&#8217;s natural detoxification and regeneration processes also suitable for vegetarians &amp; vegans the product does not contain GMOs, gluten, casein, soy manufactured according to the HACCP protocol, in a controlled environment 30 day sales guarantee on product satisfaction &nbsp; [&hellip;]<\/p>","protected":false},"featured_media":12050,"comment_status":"open","ping_status":"closed","template":"","meta":{"spay_email":"","_expiration-date-status":"","_expiration-date":0,"_expiration-date-type":"","_expiration-date-categories":[],"_expiration-date-options":[]},"yoast_head":"<!-- This site is optimized with the Yoast SEO plugin v15.9 - https:\/\/yoast.com\/wordpress\/plugins\/seo\/ -->\n<title>RENS HN+, for adults - Rensnaturals<\/title>\n<meta name=\"robots\"  content=\"index, follow, max-snippet:-1, max-image-preview:large, max-video-preview:-1\" \/>\n<link rel=\"canonical\"  href=\"https:\/\/en.rensnaturals.eu\/hr\/products\/rens-hn-plus-for-adults\/\" \/>\n<meta property=\"og:locale\"  content=\"hr_HR\" \/>\n<meta property=\"og:type\"  content=\"article\" \/>\n<meta property=\"og:title\"  content=\"RENS HN+, for adults - Rensnaturals\" \/>\n<meta property=\"og:description\"  content=\"Rensnaturals\u00ae \u00a0RENS HN+ &nbsp; RENS formula for adults for further use. For use in the advanced stages of the natural detoxification process in persons who have moderate gastrointestinal problems.\u00a0The formula contains a higher concentration of detoxification ingredients. To select the appropriate RENS formula, read the instructions at the bottom of the page. a natural food supplement for rapid detoxification and regeneration of your body natural extracts of green, blue and red algae and vegetable chlorophyll, in a mixture of natural vegetable oils for adults, over 75 kg body weight supports the body&#8217;s natural detoxification and regeneration processes also suitable for vegetarians &amp; vegans the product does not contain GMOs, gluten, casein, soy manufactured according to the HACCP protocol, in a controlled environment 30 day sales guarantee on product satisfaction &nbsp; [&hellip;]\" \/>\n<meta property=\"og:url\"  content=\"https:\/\/en.rensnaturals.eu\/hr\/products\/rens-hn-plus-for-adults\/\" \/>\n<meta property=\"og:site_name\" content=\"Rensnaturals\" \/>\n<meta property=\"article:modified_time\"  content=\"2022-01-27T09:34:23+00:00\" \/>\n<meta property=\"og:image\"  content=\"https:\/\/i2.wp.com\/en.rensnaturals.eu\/wp-content\/uploads\/2021\/01\/RENS-verzija-1-e1612387833989.png?fit=283%2C454&#038;ssl=1\" \/>\n\t<meta property=\"og:image:width\" content=\"283\" \/>\n\t<meta property=\"og:image:height\" content=\"454\" \/>\n<meta name=\"twitter:card\" content=\"summary_large_image\" \/>\n<meta name=\"twitter:label1\" content=\"Procijenjeno vrijeme \u010ditanja\">\n\t<meta name=\"twitter:data1\"  content=\"3 minute\">\n<script type=\"application\/ld+json\"  class=\"yoast-schema-graph\">{\"@context\":\"https:\/\/schema.org\",\"@graph\":[{\"@type\":\"WebSite\",\"@id\":\"https:\/\/en.rensnaturals.eu\/#website\",\"url\":\"https:\/\/en.rensnaturals.eu\/\",\"name\":\"Rensnaturals\",\"description\":\"\",\"potentialAction\":[{\"@type\":\"SearchAction\",\"target\":\"https:\/\/en.rensnaturals.eu\/?s={search_term_string}\",\"query-input\":\"required name=search_term_string\"}],\"inLanguage\":\"hr\"},{\"@type\":\"ImageObject\",\"@id\":\"https:\/\/en.rensnaturals.eu\/products\/rens-hn-plus-for-adults\/#primaryimage\",\"inLanguage\":\"hr\",\"url\":\"https:\/\/i2.wp.com\/en.rensnaturals.eu\/wp-content\/uploads\/2021\/01\/RENS-verzija-1-e1612387833989.png?fit=283%2C454&ssl=1\",\"width\":283,\"height\":454},{\"@type\":\"WebPage\",\"@id\":\"https:\/\/en.rensnaturals.eu\/products\/rens-hn-plus-for-adults\/#webpage\",\"url\":\"https:\/\/en.rensnaturals.eu\/products\/rens-hn-plus-for-adults\/\",\"name\":\"RENS HN+, for adults - Rensnaturals\",\"isPartOf\":{\"@id\":\"https:\/\/en.rensnaturals.eu\/#website\"},\"primaryImageOfPage\":{\"@id\":\"https:\/\/en.rensnaturals.eu\/products\/rens-hn-plus-for-adults\/#primaryimage\"},\"datePublished\":\"2021-01-30T18:52:10+00:00\",\"dateModified\":\"2022-01-27T09:34:23+00:00\",\"breadcrumb\":{\"@id\":\"https:\/\/en.rensnaturals.eu\/products\/rens-hn-plus-for-adults\/#breadcrumb\"},\"inLanguage\":\"hr\",\"potentialAction\":[{\"@type\":\"ReadAction\",\"target\":[\"https:\/\/en.rensnaturals.eu\/products\/rens-hn-plus-for-adults\/\"]}]},{\"@type\":\"BreadcrumbList\",\"@id\":\"https:\/\/en.rensnaturals.eu\/products\/rens-hn-plus-for-adults\/#breadcrumb\",\"itemListElement\":[{\"@type\":\"ListItem\",\"position\":1,\"item\":{\"@type\":\"WebPage\",\"@id\":\"https:\/\/en.rensnaturals.eu\/\",\"url\":\"https:\/\/en.rensnaturals.eu\/\",\"name\":\"Home\"}},{\"@type\":\"ListItem\",\"position\":2,\"item\":{\"@type\":\"WebPage\",\"@id\":\"https:\/\/en.rensnaturals.eu\/products\/\",\"url\":\"https:\/\/en.rensnaturals.eu\/products\/\",\"name\":\"Products\"}},{\"@type\":\"ListItem\",\"position\":3,\"item\":{\"@type\":\"WebPage\",\"@id\":\"https:\/\/en.rensnaturals.eu\/products\/rens-hn-plus-for-adults\/\",\"url\":\"https:\/\/en.rensnaturals.eu\/products\/rens-hn-plus-for-adults\/\",\"name\":\"RENS HN+, for adults\"}}]}]}<\/script>\n<!-- \/ Yoast SEO plugin. -->","_links":{"self":[{"href":"https:\/\/en.rensnaturals.eu\/hr\/wp-json\/wp\/v2\/product\/11870"}],"collection":[{"href":"https:\/\/en.rensnaturals.eu\/hr\/wp-json\/wp\/v2\/product"}],"about":[{"href":"https:\/\/en.rensnaturals.eu\/hr\/wp-json\/wp\/v2\/types\/product"}],"replies":[{"embeddable":true,"href":"https:\/\/en.rensnaturals.eu\/hr\/wp-json\/wp\/v2\/comments?post=11870"}],"wp:featuredmedia":[{"embeddable":true,"href":"https:\/\/en.rensnaturals.eu\/hr\/wp-json\/wp\/v2\/media\/12050"}],"wp:attachment":[{"href":"https:\/\/en.rensnaturals.eu\/hr\/wp-json\/wp\/v2\/media?parent=11870"}],"curies":[{"name":"wp","href":"https:\/\/api.w.org\/{rel}","templated":true}]}}