{"id":11755,"date":"2021-01-15T11:05:07","date_gmt":"2021-01-15T10:05:07","guid":{"rendered":"https:\/\/www.rensnaturals.eu\/?post_type=product&#038;p=11755"},"modified":"2024-10-20T23:19:22","modified_gmt":"2024-10-20T21:19:22","slug":"rens-h-s-sensitive-cream","status":"publish","type":"product","link":"https:\/\/en.rensnaturals.eu\/hr\/products\/rens-h-s-sensitive-cream\/","title":{"rendered":"RENS H S, Krema za osjetljivu ko\u017eu"},"content":{"rendered":"<h5 style=\"text-align: justify;\" ><\/h5>\n<h5 style=\"text-align: justify;\"><span style=\"color: #008000; font-size: 14pt; font-family: helvetica, arial, sans-serif;\"><strong><em>Rensnaturals\u00ae RENS H S, <\/em>Nje\u017ena krema s blagotvornim u\u010dinkom<\/strong><\/span><\/h5>\n<p>&nbsp;<\/p>\n<p style=\"text-align: justify;\"><span style=\"font-family: helvetica, arial, sans-serif; font-size: 12pt; color: #ff9900;\"><strong>Osnovna RENS H formula u nje\u017enoj kremi, s blagotvornim u\u010dinkom.<\/strong> Koristi se za potporu zacjeljivanju povr\u0161inskih rana, upala i ozljeda. Tako\u0111er pogodan za dojilje i malu djecu za lije\u010denje pelenskog osipa, oralnih afti, ozlije\u0111enih grudi itd. Poma\u017ee br\u017eem zacjeljivanju povr\u0161inskih ozljeda.<\/span><\/p>\n<p>&nbsp;<\/p>\n<ul>\n<li style=\"text-align: justify;\"><span style=\"text-decoration: underline; font-family: helvetica, arial, sans-serif; font-size: 12pt;\">krema koja sadr\u017ei formulu RENS H, isklju\u010divo za vanjsku povr\u0161insku primjenu<\/span><\/li>\n<li><span style=\"color: #ff9900; font-family: helvetica, arial, sans-serif; font-size: 12pt;\"><strong>krema je jestiva<\/strong><\/span><\/li>\n<li style=\"text-align: justify;\"><span style=\"font-family: helvetica, arial, sans-serif; font-size: 12pt;\">prirodni ekstrakti zelenih, plavih i crvenih algi i biljnog klorofila, u jestivom organskom kokosovom ulju<\/span><\/li>\n<li style=\"text-align: justify;\"><span style=\"color: #ff9900; font-family: helvetica, arial, sans-serif; font-size: 12pt;\"><strong>podr\u017eava prirodne procese zacjeljivanja i regeneracije tkiva<\/strong><\/span><\/li>\n<li><span style=\"font-family: helvetica, arial, sans-serif; font-size: 12pt;\" >tako\u0111er pogodan za vegetarijance i vegane<\/span><\/li>\n<li><span style=\"font-family: helvetica, arial, sans-serif; font-size: 12pt;\">proizvod ne sadr\u017ei GMO, gluten, kazein, soju<\/span><\/li>\n<li><span style=\"font-family: helvetica, arial, sans-serif; font-size: 12pt;\">proizvedeno prema HACCP protokolu, u kontroliranom okru\u017eenju.<\/span><\/li>\n<li><span style=\"font-family: helvetica, arial, sans-serif; font-size: 12pt;\">30 dana prodajne garancije na zadovoljstvo proizvodom<\/span><\/li>\n<\/ul>\n<p>&nbsp;<\/p>\n<p style=\"text-align: justify;\"><span style=\"font-family: helvetica, arial, sans-serif; font-size: 12pt;\"><strong><span style=\"color: #008000;\">Prir<\/span><span style=\"color: #008000;\">odno uzgojene alge poznate su po svojim prirodnim u\u010dincima detoksikacije i dezinfekcije i koriste se stolje\u0107ima.<\/span><\/strong> Suvremena istra\u017eivanja pokazuju da alge mogu u\u010dinkovito pomo\u0107i u prirodnim procesima uklanjanja nakupljenih toksina i otrovnih metala iz va\u0161eg tijela, te tako podr\u017eati procese ozdravljenja i regeneracije tijela.<\/span><\/p>\n<p>&nbsp;<\/p>\n<p style=\"text-align: justify;\"><span style=\"font-family: helvetica, arial, sans-serif; font-size: 12pt;\">Proizvod je rezultat istra\u017eivanja europskog istra\u017eiva\u010da i inovatora Zorana Dernov\u0161eka iz Slovenije. Generalni prodajni predstavnik: Rens Vit d.o.o., Slovenija. Proizvedeno u EU.<\/span><\/p>\n<h5 style=\"text-align: justify;\"><span style=\"color: #008000; font-family: helvetica, arial, sans-serif;\"><strong><span style=\"font-size: 14pt;\">Preporu\u010dena upotreba<\/span><\/strong><\/span><\/h5>\n<p style=\"text-align: justify;\"><span style=\"font-family: helvetica, arial, sans-serif; font-size: 12pt;\"><strong><span style=\"color: #ff9900;\">Preporu\u010dena dnevna uporaba i doziranje, za preventivnu primjenu:<\/span><\/strong><\/span><\/p>\n<ul style=\"text-align: justify;\">\n<li><span style=\"font-family: helvetica, arial, sans-serif; font-size: 12pt;\" >Preporu\u010dena dnevna uporaba za djecu, adolescente ili odrasle ne smije prekriti vi\u0161e od 15% povr\u0161ine ko\u017ee<\/span><\/li>\n<li><span style=\"font-family: helvetica, arial, sans-serif; font-size: 12pt;\">dopu\u0161tena uporaba ne vi\u0161e od 2 puta dnevno, otprilike svakih 12 sati<\/span><\/li>\n<\/ul>\n<p style=\"text-align: justify;\"><span style=\"font-family: helvetica, arial, sans-serif; font-size: 12pt;\">Sastojke u kremi treba dobro izmije\u0161ati, \u0161to se vidi po tamnijoj boji kreme. Kremu treba \u010duvati na hladnom mjestu, do 25 stupnjeva Celzijevih. Nakon prvog kori\u0161tenja kremu se preporu\u010duje \u010duvati u hladnjaku. Ako se \u010duva na previsokim temperaturama, krema mo\u017ee postati teku\u0107a, pa kremu prije ponovne upotrebe treba dobro protresti i staviti u zamrziva\u010d na 20-30 minuta da se ponovno u\u010dvrsti.<\/span><\/p>\n<h5 style=\"text-align: justify;\"><span style=\"color: #008000; font-family: helvetica, arial, sans-serif;\"><strong><span style=\"font-size: 14pt;\">Sastojci<\/span><\/strong><\/span><\/h5>\n<h6 style=\"text-align: justify;\"><span style=\"font-family: helvetica, arial, sans-serif; font-size: 12pt; color: #333333;\">Glavni sastojci<\/span><\/h6>\n<ul style=\"text-align: justify;\">\n<li><span style=\"font-family: helvetica, arial, sans-serif; font-size: 12pt;\" >zelene alge i njihovi ekstrakti<\/span><\/li>\n<li><span style=\"font-family: helvetica, arial, sans-serif; font-size: 12pt;\">plave alge i njihovi ekstrakti<\/span><\/li>\n<li><span style=\"font-family: helvetica, arial, sans-serif; font-size: 12pt;\">crvene alge i njihovi ekstrakti<\/span><\/li>\n<li><span style=\"font-family: helvetica, arial, sans-serif; font-size: 12pt;\" >prirodni biljni klorofil<\/span><\/li>\n<\/ul>\n<h6 style=\"text-align: justify;\"><span style=\"font-family: helvetica, arial, sans-serif; font-size: 12pt; color: #333333;\">Drugi sastojci<\/span><\/h6>\n<ul style=\"text-align: justify;\">\n<li><span style=\"font-family: helvetica, arial, sans-serif; font-size: 12pt;\">jestivo organsko kokosovo ulje<\/span><\/li>\n<\/ul>\n<p>&nbsp;<\/p>\n<p style=\"text-align: justify;\"><span style=\"font-family: helvetica, arial, sans-serif; font-size: 12pt;\"><em>Sve RENS formule izra\u0111ene su od 100% prirodnih sastojaka biljnog podrijetla, prema HACCP protokolu, u kontroliranom okru\u017eenju.<\/em><\/span><\/p>\n<h5 style=\"text-align: justify;\"><span style=\"color: #008000; font-family: helvetica, arial, sans-serif;\"><strong><span style=\"font-size: 14pt;\">Obavijest<\/span><\/strong><\/span><\/h5>\n<p style=\"text-align: justify;\"><span style=\"font-family: helvetica, arial, sans-serif; font-size: 12pt;\">RENS krema se koristi prema uputama. <span style=\"text-decoration: underline;\">Preporu\u010dena dnevna upotreba ne smije se prekora\u010diti.<\/span><\/span><\/p>\n<p style=\"text-align: justify;\"><span style=\"font-family: helvetica, arial, sans-serif; font-size: 12pt;\">\u010cuvati na temperaturi do 25 stupnjeva Celzija, \u010duvati izvan dohvata djece. Prije uporabe RENS krema, mo\u017eete se posavjetovati sa svojim lije\u010dnikom, farmaceutom, naturopatom ili drugim kvalificiranim zdravstvenim djelatnikom. Nepravilno skladi\u0161tenje, kao \u0161to je dugotrajno izlaganje izravnoj sun\u010devoj svjetlosti ili toplini, mo\u017ee uzrokovati neupotrebljivost bazne kreme, a time i neupotrebljivost proizvoda.<\/span><\/p>\n<p style=\"text-align: justify;\"><span style=\"font-family: helvetica, arial, sans-serif; font-size: 12pt;\"><em>Za vi\u0161e informacija o proizvodima i njihovoj upotrebi pi\u0161ite na <span style=\"color: #008000;\"><a style=\"color: #008000;\"   href=\"mailto: info@rensnaturals.eu\">info@rensnaturals.eu.<\/a><\/span><\/em><\/span><\/p>\n<h5 style=\"text-align: justify;\"><span style=\"color: #008000; font-family: helvetica, arial, sans-serif;\"><strong><span style=\"font-size: 14pt;\">Ograni\u010denje odgovornosti<\/span><\/strong><\/span><\/h5>\n<p style=\"text-align: justify;\"><span style=\"font-family: helvetica, arial, sans-serif; font-size: 12pt;\">Iako \u010dinimo sve napore kako bismo osigurali to\u010dnost slika i informacija o proizvodu na web stranici, s vremena na vrijeme mo\u017ee do\u0107i do nekih a\u017euriranja pakiranja, no informacije na web stranici jo\u0161 nisu a\u017eurirane. Iako se proizvodi povremeno \u0161alju u alternativnom pakiranju, zajam\u010deno je da \u0107e svje\u017eina, sastojci i cjelovitost proizvoda biti isti kao u primarnom pakiranju. Prije uporabe proizvoda svakako pro\u010ditajte upute i upozorenja proizvo\u0111a\u010da na pakiranju i nemojte se oslanjati samo na informacije na web stranici.<\/span><\/p>\n<p>&nbsp;<\/p>\n<p style=\"text-align: justify;\"><span style=\"font-family: helvetica, arial, sans-serif; font-size: 12pt;\"><em><strong>RENS kreme nisu lijek. U slu\u010daju da se odlu\u010dite koristiti kreme kao potporu prirodnim oblicima lije\u010denja, prije uporabe proizvoda potrebno je konzultirati se s kvalificiranim stru\u010dnjakom!<\/strong><\/em><\/span><\/p>","protected":false},"excerpt":{"rendered":"<p>Rensnaturals\u00ae RENS H S, Sensitive cream with a beneficial effect &nbsp; Basic RENS H formula in Sensitive cream, with a beneficial effect. It is used to support healing of superficial wounds, inflammations and injuries. Also suitable for breastfeeding mothers and small children to treat diaper rashes, oral aphthae, injured breasts, etc. Helps heal surface injuries faster. &nbsp; cream containing the formula RENS H, exclusively for external surface application the cream is\u00a0 edible natural extracts of green, blue and red algae and plant chlorophyll, in edible organic coconut oil supports the natural processes of tissue healing and regeneration also suitable for vegetarians &amp; vegans the product does not contain GMOs, gluten, casein, soy manufactured according to the HACCP protocol, in a controlled environment 30 day sales guarantee on product satisfaction &nbsp; [&hellip;]<\/p>","protected":false},"featured_media":12054,"comment_status":"open","ping_status":"closed","template":"","meta":{"spay_email":"","_expiration-date-status":"","_expiration-date":0,"_expiration-date-type":"","_expiration-date-categories":[],"_expiration-date-options":[]},"yoast_head":"<!-- This site is optimized with the Yoast SEO plugin v15.9 - https:\/\/yoast.com\/wordpress\/plugins\/seo\/ -->\n<title>RENS H S, Sensitive cream - Rensnaturals<\/title>\n<meta name=\"robots\"  content=\"index, follow, max-snippet:-1, max-image-preview:large, max-video-preview:-1\" \/>\n<link rel=\"canonical\"  href=\"https:\/\/en.rensnaturals.eu\/hr\/products\/rens-h-s-sensitive-cream\/\" \/>\n<meta property=\"og:locale\"  content=\"hr_HR\" \/>\n<meta property=\"og:type\"  content=\"article\" \/>\n<meta property=\"og:title\"  content=\"RENS H S, Sensitive cream - Rensnaturals\" \/>\n<meta property=\"og:description\"  content=\"Rensnaturals\u00ae RENS H S, Sensitive cream with a beneficial effect &nbsp; Basic RENS H formula in Sensitive cream, with a beneficial effect. It is used to support healing of superficial wounds, inflammations and injuries. Also suitable for breastfeeding mothers and small children to treat diaper rashes, oral aphthae, injured breasts, etc. Helps heal surface injuries faster. &nbsp; cream containing the formula RENS H, exclusively for external surface application the cream is\u00a0 edible natural extracts of green, blue and red algae and plant chlorophyll, in edible organic coconut oil supports the natural processes of tissue healing and regeneration also suitable for vegetarians &amp; vegans the product does not contain GMOs, gluten, casein, soy manufactured according to the HACCP protocol, in a controlled environment 30 day sales guarantee on product satisfaction &nbsp; [&hellip;]\" \/>\n<meta property=\"og:url\"  content=\"https:\/\/en.rensnaturals.eu\/hr\/products\/rens-h-s-sensitive-cream\/\" \/>\n<meta property=\"og:site_name\" content=\"Rensnaturals\" \/>\n<meta property=\"article:modified_time\"  content=\"2024-10-20T21:19:22+00:00\" \/>\n<meta property=\"og:image\"  content=\"https:\/\/i2.wp.com\/en.rensnaturals.eu\/wp-content\/uploads\/2021\/01\/H-S-copy.png?fit=270%2C292&#038;ssl=1\" \/>\n\t<meta property=\"og:image:width\" content=\"270\" \/>\n\t<meta property=\"og:image:height\" content=\"292\" \/>\n<meta name=\"twitter:card\" content=\"summary_large_image\" \/>\n<meta name=\"twitter:label1\" content=\"Procijenjeno vrijeme \u010ditanja\">\n\t<meta name=\"twitter:data1\"  content=\"3 minute\">\n<script type=\"application\/ld+json\"  class=\"yoast-schema-graph\">{\"@context\":\"https:\/\/schema.org\",\"@graph\":[{\"@type\":\"WebSite\",\"@id\":\"https:\/\/en.rensnaturals.eu\/#website\",\"url\":\"https:\/\/en.rensnaturals.eu\/\",\"name\":\"Rensnaturals\",\"description\":\"\",\"potentialAction\":[{\"@type\":\"SearchAction\",\"target\":\"https:\/\/en.rensnaturals.eu\/?s={search_term_string}\",\"query-input\":\"required name=search_term_string\"}],\"inLanguage\":\"hr\"},{\"@type\":\"ImageObject\",\"@id\":\"https:\/\/en.rensnaturals.eu\/products\/rens-h-s-sensitive-cream\/#primaryimage\",\"inLanguage\":\"hr\",\"url\":\"https:\/\/i2.wp.com\/en.rensnaturals.eu\/wp-content\/uploads\/2021\/01\/H-S-copy.png?fit=270%2C292&ssl=1\",\"width\":270,\"height\":292,\"caption\":\"Beauty wrinkle smoothing cream\"},{\"@type\":\"WebPage\",\"@id\":\"https:\/\/en.rensnaturals.eu\/products\/rens-h-s-sensitive-cream\/#webpage\",\"url\":\"https:\/\/en.rensnaturals.eu\/products\/rens-h-s-sensitive-cream\/\",\"name\":\"RENS H S, Sensitive cream - Rensnaturals\",\"isPartOf\":{\"@id\":\"https:\/\/en.rensnaturals.eu\/#website\"},\"primaryImageOfPage\":{\"@id\":\"https:\/\/en.rensnaturals.eu\/products\/rens-h-s-sensitive-cream\/#primaryimage\"},\"datePublished\":\"2021-01-15T10:05:07+00:00\",\"dateModified\":\"2024-10-20T21:19:22+00:00\",\"breadcrumb\":{\"@id\":\"https:\/\/en.rensnaturals.eu\/products\/rens-h-s-sensitive-cream\/#breadcrumb\"},\"inLanguage\":\"hr\",\"potentialAction\":[{\"@type\":\"ReadAction\",\"target\":[\"https:\/\/en.rensnaturals.eu\/products\/rens-h-s-sensitive-cream\/\"]}]},{\"@type\":\"BreadcrumbList\",\"@id\":\"https:\/\/en.rensnaturals.eu\/products\/rens-h-s-sensitive-cream\/#breadcrumb\",\"itemListElement\":[{\"@type\":\"ListItem\",\"position\":1,\"item\":{\"@type\":\"WebPage\",\"@id\":\"https:\/\/en.rensnaturals.eu\/\",\"url\":\"https:\/\/en.rensnaturals.eu\/\",\"name\":\"Home\"}},{\"@type\":\"ListItem\",\"position\":2,\"item\":{\"@type\":\"WebPage\",\"@id\":\"https:\/\/en.rensnaturals.eu\/products\/\",\"url\":\"https:\/\/en.rensnaturals.eu\/products\/\",\"name\":\"Products\"}},{\"@type\":\"ListItem\",\"position\":3,\"item\":{\"@type\":\"WebPage\",\"@id\":\"https:\/\/en.rensnaturals.eu\/products\/rens-h-s-sensitive-cream\/\",\"url\":\"https:\/\/en.rensnaturals.eu\/products\/rens-h-s-sensitive-cream\/\",\"name\":\"RENS H S, Sensitive cream\"}}]}]}<\/script>\n<!-- \/ Yoast SEO plugin. -->","_links":{"self":[{"href":"https:\/\/en.rensnaturals.eu\/hr\/wp-json\/wp\/v2\/product\/11755"}],"collection":[{"href":"https:\/\/en.rensnaturals.eu\/hr\/wp-json\/wp\/v2\/product"}],"about":[{"href":"https:\/\/en.rensnaturals.eu\/hr\/wp-json\/wp\/v2\/types\/product"}],"replies":[{"embeddable":true,"href":"https:\/\/en.rensnaturals.eu\/hr\/wp-json\/wp\/v2\/comments?post=11755"}],"wp:featuredmedia":[{"embeddable":true,"href":"https:\/\/en.rensnaturals.eu\/hr\/wp-json\/wp\/v2\/media\/12054"}],"wp:attachment":[{"href":"https:\/\/en.rensnaturals.eu\/hr\/wp-json\/wp\/v2\/media?parent=11755"}],"curies":[{"name":"wp","href":"https:\/\/api.w.org\/{rel}","templated":true}]}}