{"id":12083,"date":"2021-02-04T13:53:00","date_gmt":"2021-02-04T12:53:00","guid":{"rendered":"https:\/\/www.rensnaturals.eu\/?page_id=12083"},"modified":"2021-03-23T11:25:22","modified_gmt":"2021-03-23T10:25:22","slug":"nacini-placila-in-dostava","status":"publish","type":"page","link":"https:\/\/en.rensnaturals.eu\/hr\/nacini-placila-in-dostava\/","title":{"rendered":"Na\u010dini pla\u0107anja i dostave"},"content":{"rendered":"<h6>Pla\u0107anje naru\u010denih proizvoda<\/h6>\n<p>Naru\u010dene proizvode mo\u017eete platiti na rensnaturals.si:<\/p>\n<ul>\n<li>Putem PayPal-a<\/li>\n<li>Po ra\u010dunu<\/li>\n<\/ul>\n<h6>Dostava proizvoda<\/h6>\n<p>U me\u0111unarodnom prometu proizvode isporu\u010duju <strong>DHL usluga dostave.<\/strong><\/p>\n<h6><strong>Tro\u0161kovi me\u0111unarodne dostave<\/strong><\/h6>\n<p>Cijena dostave ovisi o iznosu narud\u017ebe:<\/p>\n<ul>\n<li>za narud\u017ebe do 800 EUR tro\u0161ak dostave je prema cjeniku DHL dostavne slu\u017ebe, ovisno o zemlji odredi\u0161ta.<\/li>\n<li>za narud\u017ebe iznad 800 EUR dostava je besplatna<\/li>\n<\/ul>","protected":false},"excerpt":{"rendered":"<p>Payment for ordered products You can pay for products ordered on rensnaturals.si: Via PayPal Proforma invoice Delivery of products In international traffic, the products are delivered by the DHL delivery service. International delivery costs The cost of delivery depends on the amount of the order: for orders up to 800 EUR, the delivery cost is according to the price list of the DHL delivery service, depending on the country of destination. for orders over 800 EUR, delivery is free<\/p>","protected":false},"author":1,"featured_media":0,"parent":0,"menu_order":0,"comment_status":"closed","ping_status":"closed","template":"","meta":{"spay_email":"","_expiration-date-status":"","_expiration-date":0,"_expiration-date-type":"","_expiration-date-categories":[],"_expiration-date-options":[]},"yoast_head":"<!-- This site is optimized with the Yoast SEO plugin v15.9 - https:\/\/yoast.com\/wordpress\/plugins\/seo\/ -->\n<title>Methods of payment and delivery - Rensnaturals<\/title>\n<meta name=\"robots\"  content=\"index, follow, max-snippet:-1, max-image-preview:large, max-video-preview:-1\" \/>\n<link rel=\"canonical\"  href=\"https:\/\/en.rensnaturals.eu\/hr\/nacini-placila-in-dostava\/\" \/>\n<meta property=\"og:locale\"  content=\"hr_HR\" \/>\n<meta property=\"og:type\"  content=\"article\" \/>\n<meta property=\"og:title\"  content=\"Methods of payment and delivery - Rensnaturals\" \/>\n<meta property=\"og:description\"  content=\"Payment for ordered products You can pay for products ordered on rensnaturals.si: Via PayPal Proforma invoice Delivery of products In international traffic, the products are delivered by the DHL delivery service. International delivery costs The cost of delivery depends on the amount of the order: for orders up to 800 EUR, the delivery cost is according to the price list of the DHL delivery service, depending on the country of destination. for orders over 800 EUR, delivery is free\" \/>\n<meta property=\"og:url\"  content=\"https:\/\/en.rensnaturals.eu\/hr\/nacini-placila-in-dostava\/\" \/>\n<meta property=\"og:site_name\"  content=\"Rensnaturals\" \/>\n<meta property=\"article:modified_time\"  content=\"2021-03-23T10:25:22+00:00\" \/>\n<meta name=\"twitter:card\"  content=\"summary_large_image\" \/>\n<meta name=\"twitter:label1\"  content=\"Procijenjeno vrijeme \u010ditanja\">\n\t<meta name=\"twitter:data1\" content=\"1 minuta\">\n<script type=\"application\/ld+json\" class=\"yoast-schema-graph\">{\"@context\":\"https:\/\/schema.org\",\"@graph\":[{\"@type\":\"WebSite\",\"@id\":\"https:\/\/en.rensnaturals.eu\/#website\",\"url\":\"https:\/\/en.rensnaturals.eu\/\",\"name\":\"Rensnaturals\",\"description\":\"\",\"potentialAction\":[{\"@type\":\"SearchAction\",\"target\":\"https:\/\/en.rensnaturals.eu\/?s={search_term_string}\",\"query-input\":\"required name=search_term_string\"}],\"inLanguage\":\"hr\"},{\"@type\":\"WebPage\",\"@id\":\"https:\/\/en.rensnaturals.eu\/nacini-placila-in-dostava\/#webpage\",\"url\":\"https:\/\/en.rensnaturals.eu\/nacini-placila-in-dostava\/\",\"name\":\"Methods of payment and delivery - Rensnaturals\",\"isPartOf\":{\"@id\":\"https:\/\/en.rensnaturals.eu\/#website\"},\"datePublished\":\"2021-02-04T12:53:00+00:00\",\"dateModified\":\"2021-03-23T10:25:22+00:00\",\"breadcrumb\":{\"@id\":\"https:\/\/en.rensnaturals.eu\/nacini-placila-in-dostava\/#breadcrumb\"},\"inLanguage\":\"hr\",\"potentialAction\":[{\"@type\":\"ReadAction\",\"target\":[\"https:\/\/en.rensnaturals.eu\/nacini-placila-in-dostava\/\"]}]},{\"@type\":\"BreadcrumbList\",\"@id\":\"https:\/\/en.rensnaturals.eu\/nacini-placila-in-dostava\/#breadcrumb\",\"itemListElement\":[{\"@type\":\"ListItem\",\"position\":1,\"item\":{\"@type\":\"WebPage\",\"@id\":\"https:\/\/en.rensnaturals.eu\/\",\"url\":\"https:\/\/en.rensnaturals.eu\/\",\"name\":\"Home\"}},{\"@type\":\"ListItem\",\"position\":2,\"item\":{\"@type\":\"WebPage\",\"@id\":\"https:\/\/en.rensnaturals.eu\/nacini-placila-in-dostava\/\",\"url\":\"https:\/\/en.rensnaturals.eu\/nacini-placila-in-dostava\/\",\"name\":\"Methods of payment and delivery\"}}]}]}<\/script>\n<!-- \/ Yoast SEO plugin. -->","_links":{"self":[{"href":"https:\/\/en.rensnaturals.eu\/hr\/wp-json\/wp\/v2\/pages\/12083"}],"collection":[{"href":"https:\/\/en.rensnaturals.eu\/hr\/wp-json\/wp\/v2\/pages"}],"about":[{"href":"https:\/\/en.rensnaturals.eu\/hr\/wp-json\/wp\/v2\/types\/page"}],"author":[{"embeddable":true,"href":"https:\/\/en.rensnaturals.eu\/hr\/wp-json\/wp\/v2\/users\/1"}],"replies":[{"embeddable":true,"href":"https:\/\/en.rensnaturals.eu\/hr\/wp-json\/wp\/v2\/comments?post=12083"}],"version-history":[{"count":19,"href":"https:\/\/en.rensnaturals.eu\/hr\/wp-json\/wp\/v2\/pages\/12083\/revisions"}],"predecessor-version":[{"id":12186,"href":"https:\/\/en.rensnaturals.eu\/hr\/wp-json\/wp\/v2\/pages\/12083\/revisions\/12186"}],"wp:attachment":[{"href":"https:\/\/en.rensnaturals.eu\/hr\/wp-json\/wp\/v2\/media?parent=12083"}],"curies":[{"name":"wp","href":"https:\/\/api.w.org\/{rel}","templated":true}]}}