{"id":11566,"date":"2020-12-01T16:21:54","date_gmt":"2020-12-01T15:21:54","guid":{"rendered":"https:\/\/www.rensnaturals.eu\/?page_id=11566"},"modified":"2021-03-23T13:05:32","modified_gmt":"2021-03-23T12:05:32","slug":"personal-data-protection","status":"publish","type":"page","link":"https:\/\/en.rensnaturals.eu\/hr\/personal-data-protection\/","title":{"rendered":"Za\u0161tita osobnih podataka"},"content":{"rendered":"<div class=\"vc_row wpb_row vc_row-fluid\" ><div class=\"wpb_column vc_column_container vc_col-sm-12\"><div class=\"vc_column-inner\"><div class=\"wpb_wrapper\"><div class=\"heading header-subheader align-left subcolor-main transform-default theme-icon-second icon-type-hidden heading-tag-h2\"   id=\"like_sc_header_1019753955\"><h2 data-text=\"Personal data protection\"   class=\"header ltx-sr-id-like_sc_header_1019753955491110493 ltx-sr ltx-sr-effect-fade_in ltx-sr-el-block ltx-sr-delay-0 ltx-sr-duration-1000 ltx-sr-sequences-0\">Za\u0161tita osobnih podataka<\/h2><\/div>\n\t<div class=\"wpb_text_column wpb_content_element\" >\n\t\t<div class=\"wpb_wrapper\">\n\t\t\t<p style=\"text-align: justify;\"><span style=\"font-family: helvetica, arial, sans-serif; font-size: 12pt;\">Sukladno zakonu, rensnaturals.eu se obvezuje trajno \u0161tititi sve osobne podatke korisnika sukladno ZVOP-1.<\/span><\/p>\n<p style=\"text-align: justify;\"><span style=\"font-family: helvetica, arial, sans-serif; font-size: 12pt;\">Osobne podatke \u0107e rensnaturals.eu koristiti isklju\u010divo za izvr\u0161enje narud\u017ebe (slanje informativnog materijala, ponuda, ra\u010duna) i drugu potrebnu komunikaciju s \u010dlanom.<\/span><\/p>\n<p style=\"text-align: justify;\"><span style=\"font-family: helvetica, arial, sans-serif; font-size: 12pt;\">rensnaturals.eu pohranjuje sljede\u0107e podatke \u010dlanova rensnaturals.eu, i to:<\/span><\/p>\n<p>&nbsp;<\/p>\n<ul style=\"text-align: justify;\">\n<li><span style=\"font-family: helvetica, arial, sans-serif; font-size: 12pt;\">ime i prezime;<\/span><\/li>\n<li><span style=\"font-family: helvetica, arial, sans-serif; font-size: 12pt;\">email adresa;<\/span><\/li>\n<li><span style=\"font-family: helvetica, arial, sans-serif; font-size: 12pt;\">telefon<\/span><\/li>\n<li><span style=\"font-family: helvetica, arial, sans-serif; font-size: 12pt;\" >adresa i adrese za dostavu;<\/span><\/li>\n<li><span style=\"font-family: helvetica, arial, sans-serif; font-size: 12pt;\">zemlja prebivali\u0161ta;<\/span><\/li>\n<li><span style=\"font-family: helvetica, arial, sans-serif; font-size: 12pt;\">vrijeme i datum registracije;<\/span><\/li>\n<li><span style=\"font-family: helvetica, arial, sans-serif; font-size: 12pt;\">komunikacijski arhiv;<\/span><\/li>\n<\/ul>\n<p style=\"text-align: justify;\"><span style=\"font-family: helvetica, arial, sans-serif; font-size: 12pt;\">Osobni podaci kupaca koriste se za ispunjavanje narud\u017ebe i dostave, kao i za slanje vijesti na rensnaturals.eu. Ako ne \u017eelite primati vijesti, uvijek se mo\u017eete odjaviti. Sukladno Zakonu o za\u0161titi potro\u0161a\u010da, podaci korisnika ni u kojem slu\u010daju ne\u0107e biti predani neovla\u0161tenim osobama. Korisnik je tako\u0111er odgovoran za za\u0161titu osobnih podataka osiguravaju\u0107i sigurnost svoje e-mail adrese, korisni\u010dkog imena i lozinke te odgovaraju\u0107u softversku za\u0161titu ra\u010dunala.<\/span><\/p>\n\n\t\t<\/div>\n\t<\/div>\n<\/div><\/div><\/div><\/div>","protected":false},"excerpt":{"rendered":"Personal data protection In accordance with the law, rensnaturals.eu undertakes to permanently protect all personal data of the user in accordance with ZVOP-1. Personal data will be used by rensnaturals.eu exclusively for execution of the order (sending information material, offers, invoices) and other necessary communication with the member. rensnaturals.eu stores the following data of rensnaturals.eu members, namely: &nbsp; name and surname; e-mail address; phone; address and delivery addresses; country of residence; time and date of registration; communication archive; Personal data of customers are used in order to fulfill the order and delivery, as well as to send the news on rensnaturals.eu. If you do not wish to receive the news, you can always unsubscribe. In accordance with the Consumer Protection Act, the user's data will in no case be handed [...]","protected":false},"author":1,"featured_media":0,"parent":0,"menu_order":0,"comment_status":"closed","ping_status":"closed","template":"","meta":{"spay_email":"","_expiration-date-status":"","_expiration-date":0,"_expiration-date-type":"","_expiration-date-categories":[],"_expiration-date-options":[]},"yoast_head":"<!-- This site is optimized with the Yoast SEO plugin v15.9 - https:\/\/yoast.com\/wordpress\/plugins\/seo\/ -->\n<title>Personal data protection - Rensnaturals<\/title>\n<meta name=\"robots\"  content=\"index, follow, max-snippet:-1, max-image-preview:large, max-video-preview:-1\" \/>\n<link rel=\"canonical\"  href=\"https:\/\/en.rensnaturals.eu\/hr\/personal-data-protection\/\" \/>\n<meta property=\"og:locale\"  content=\"hr_HR\" \/>\n<meta property=\"og:type\"  content=\"article\" \/>\n<meta property=\"og:title\"  content=\"Personal data protection - Rensnaturals\" \/>\n<meta property=\"og:url\"  content=\"https:\/\/en.rensnaturals.eu\/hr\/personal-data-protection\/\" \/>\n<meta property=\"og:site_name\"  content=\"Rensnaturals\" \/>\n<meta property=\"article:modified_time\"  content=\"2021-03-23T12:05:32+00:00\" \/>\n<meta name=\"twitter:card\"  content=\"summary_large_image\" \/>\n<meta name=\"twitter:label1\"  content=\"Procijenjeno vrijeme \u010ditanja\">\n\t<meta name=\"twitter:data1\" content=\"1 minuta\">\n<script type=\"application\/ld+json\" class=\"yoast-schema-graph\">{\"@context\":\"https:\/\/schema.org\",\"@graph\":[{\"@type\":\"WebSite\",\"@id\":\"https:\/\/en.rensnaturals.eu\/#website\",\"url\":\"https:\/\/en.rensnaturals.eu\/\",\"name\":\"Rensnaturals\",\"description\":\"\",\"potentialAction\":[{\"@type\":\"SearchAction\",\"target\":\"https:\/\/en.rensnaturals.eu\/?s={search_term_string}\",\"query-input\":\"required name=search_term_string\"}],\"inLanguage\":\"hr\"},{\"@type\":\"WebPage\",\"@id\":\"https:\/\/en.rensnaturals.eu\/personal-data-protection\/#webpage\",\"url\":\"https:\/\/en.rensnaturals.eu\/personal-data-protection\/\",\"name\":\"Personal data protection - Rensnaturals\",\"isPartOf\":{\"@id\":\"https:\/\/en.rensnaturals.eu\/#website\"},\"datePublished\":\"2020-12-01T15:21:54+00:00\",\"dateModified\":\"2021-03-23T12:05:32+00:00\",\"breadcrumb\":{\"@id\":\"https:\/\/en.rensnaturals.eu\/personal-data-protection\/#breadcrumb\"},\"inLanguage\":\"hr\",\"potentialAction\":[{\"@type\":\"ReadAction\",\"target\":[\"https:\/\/en.rensnaturals.eu\/personal-data-protection\/\"]}]},{\"@type\":\"BreadcrumbList\",\"@id\":\"https:\/\/en.rensnaturals.eu\/personal-data-protection\/#breadcrumb\",\"itemListElement\":[{\"@type\":\"ListItem\",\"position\":1,\"item\":{\"@type\":\"WebPage\",\"@id\":\"https:\/\/en.rensnaturals.eu\/\",\"url\":\"https:\/\/en.rensnaturals.eu\/\",\"name\":\"Home\"}},{\"@type\":\"ListItem\",\"position\":2,\"item\":{\"@type\":\"WebPage\",\"@id\":\"https:\/\/en.rensnaturals.eu\/personal-data-protection\/\",\"url\":\"https:\/\/en.rensnaturals.eu\/personal-data-protection\/\",\"name\":\"Personal data protection\"}}]}]}<\/script>\n<!-- \/ Yoast SEO plugin. -->","_links":{"self":[{"href":"https:\/\/en.rensnaturals.eu\/hr\/wp-json\/wp\/v2\/pages\/11566"}],"collection":[{"href":"https:\/\/en.rensnaturals.eu\/hr\/wp-json\/wp\/v2\/pages"}],"about":[{"href":"https:\/\/en.rensnaturals.eu\/hr\/wp-json\/wp\/v2\/types\/page"}],"author":[{"embeddable":true,"href":"https:\/\/en.rensnaturals.eu\/hr\/wp-json\/wp\/v2\/users\/1"}],"replies":[{"embeddable":true,"href":"https:\/\/en.rensnaturals.eu\/hr\/wp-json\/wp\/v2\/comments?post=11566"}],"version-history":[{"count":10,"href":"https:\/\/en.rensnaturals.eu\/hr\/wp-json\/wp\/v2\/pages\/11566\/revisions"}],"predecessor-version":[{"id":12207,"href":"https:\/\/en.rensnaturals.eu\/hr\/wp-json\/wp\/v2\/pages\/11566\/revisions\/12207"}],"wp:attachment":[{"href":"https:\/\/en.rensnaturals.eu\/hr\/wp-json\/wp\/v2\/media?parent=11566"}],"curies":[{"name":"wp","href":"https:\/\/api.w.org\/{rel}","templated":true}]}}